
{"id":1909,"date":"2023-11-04T15:03:35","date_gmt":"2023-11-04T14:03:35","guid":{"rendered":"https:\/\/com-pac.ovh\/preprod2\/produit\/easy-life-blue-exit-250-ml\/"},"modified":"2025-06-06T11:52:34","modified_gmt":"2025-06-06T09:52:34","slug":"easy-life-blue-exit-250-ml","status":"publish","type":"product","link":"https:\/\/com-pac.ovh\/preprod2\/produit\/easy-life-blue-exit-250-ml\/","title":{"rendered":"Easy Life Blue Exit"},"content":{"rendered":"<p>Eau claire sans algues bleues (cyanobact\u00e9ries)<br \/>\nBlue Exit est le nouveau produit pour \u00e9liminer les algues bleues (ou cyanobact\u00e9ries) sans utiliser d\u2019antibiotiques ou de compos\u00e9s contenant du cuivre.<br \/>\nLes cyanobact\u00e9ries (ou algues bleues, mucilagineuses ou visqueuses) apparaissent g\u00e9n\u00e9ralement suite \u00e0 une infection ou \u00e0 un m\u00e9tabolisme bact\u00e9rien d\u00e9s\u00e9quilibr\u00e9, un sol tr\u00e8s pollu\u00e9 (pourriture) ou une trop faible teneur en nitrates. Blue Exit lutte activement contre les cyanobact\u00e9ries. Blue Exit est simple et \u00e9conomique \u00e0 l\u2019usage et inoffensif pour les poissons, crevettes, escargots ou plantes. En cas d\u2019infestation importante, le produit peut continuer \u00e0 \u00eatre administr\u00e9 pendant plusieurs jours, m\u00eame avec de doubles dosages.<\/p>\n","protected":false},"excerpt":{"rendered":"<p>Blue Exit est le nouveau produit pour \u00e9liminer les algues bleues (ou cyanobact\u00e9ries) sans utiliser d\u2019antibiotiques ou de compos\u00e9s contenant du cuivre.<\/p>\n","protected":false},"featured_media":1908,"comment_status":"open","ping_status":"closed","template":"","meta":[],"product_brand":[1596,1594],"product_cat":[37,84,25],"product_tag":[],"class_list":{"0":"post-1909","1":"product","2":"type-product","3":"status-publish","4":"has-post-thumbnail","6":"product_brand-easy-life","7":"product_brand-jbl","8":"product_cat-additifs","9":"product_cat-materiel-nourriture","10":"product_cat-traitements-de-leau","11":"product_shipping_class-materiel-nourriture","12":"pa_contenance-250ml","14":"first","15":"instock","16":"taxable","17":"shipping-taxable","18":"purchasable","19":"product-type-simple"},"acf":[],"_links":{"self":[{"href":"https:\/\/com-pac.ovh\/preprod2\/wp-json\/wp\/v2\/product\/1909","targetHints":{"allow":["GET"]}}],"collection":[{"href":"https:\/\/com-pac.ovh\/preprod2\/wp-json\/wp\/v2\/product"}],"about":[{"href":"https:\/\/com-pac.ovh\/preprod2\/wp-json\/wp\/v2\/types\/product"}],"replies":[{"embeddable":true,"href":"https:\/\/com-pac.ovh\/preprod2\/wp-json\/wp\/v2\/comments?post=1909"}],"wp:featuredmedia":[{"embeddable":true,"href":"https:\/\/com-pac.ovh\/preprod2\/wp-json\/wp\/v2\/media\/1908"}],"wp:attachment":[{"href":"https:\/\/com-pac.ovh\/preprod2\/wp-json\/wp\/v2\/media?parent=1909"}],"wp:term":[{"taxonomy":"product_brand","embeddable":true,"href":"https:\/\/com-pac.ovh\/preprod2\/wp-json\/wp\/v2\/product_brand?post=1909"},{"taxonomy":"product_cat","embeddable":true,"href":"https:\/\/com-pac.ovh\/preprod2\/wp-json\/wp\/v2\/product_cat?post=1909"},{"taxonomy":"product_tag","embeddable":true,"href":"https:\/\/com-pac.ovh\/preprod2\/wp-json\/wp\/v2\/product_tag?post=1909"}],"curies":[{"name":"wp","href":"https:\/\/api.w.org\/{rel}","templated":true}]}}