
{"id":1911,"date":"2023-11-04T15:08:36","date_gmt":"2023-11-04T14:08:36","guid":{"rendered":"https:\/\/com-pac.ovh\/preprod2\/produit\/prawn-pyramid-3-2-1\/"},"modified":"2025-06-06T11:51:39","modified_gmt":"2025-06-06T09:51:39","slug":"prawn-pyramid-3-2-1","status":"publish","type":"product","link":"https:\/\/com-pac.ovh\/preprod2\/produit\/prawn-pyramid-3-2-1\/","title":{"rendered":"PRAWN PYRAMID 3-2-1"},"content":{"rendered":"<p>Ces refuges sont particuli\u00e8rement appr\u00e9ci\u00e9es par les\u00a0crabes et crevettes d&#8217;aquarium.<\/p>\n<p>La\u00a0Prawn Pyramid Dark 3-2-1\u00a0est id\u00e9al pour la retraite des crabes et des crevettes apr\u00e8s la mue , quand la carapace est encore molle.<br \/>\nC&#8217;est l&#8217;accessoire indispensable de tout aquarium d&#8217;invert\u00e9br\u00e9s.<br \/>\nMat\u00e9riaux :\u00a0argile \/ terre cuite<br \/>\nDimensions :\u00a06x6x5cm<br \/>\nDiam\u00e8tre de l&#8217;entr\u00e9e de la grotte d&#8217;environ 1,2cm<\/p>\n","protected":false},"excerpt":{"rendered":"<p>Grotte d&#8217;incubation et de refuge pour les crevettes &#8211; Prawn Pyramid Dark 3-2-1 de Hobby<\/p>\n","protected":false},"featured_media":1910,"comment_status":"open","ping_status":"closed","template":"","meta":[],"product_brand":[1595],"product_cat":[827,39,84],"product_tag":[],"class_list":{"0":"post-1911","1":"product","2":"type-product","3":"status-publish","4":"has-post-thumbnail","6":"product_brand-hobby","7":"product_cat-accessoires","8":"product_cat-decors","9":"product_cat-materiel-nourriture","10":"product_shipping_class-materiel-nourriture","12":"first","13":"instock","14":"taxable","15":"shipping-taxable","16":"purchasable","17":"product-type-simple"},"acf":[],"_links":{"self":[{"href":"https:\/\/com-pac.ovh\/preprod2\/wp-json\/wp\/v2\/product\/1911","targetHints":{"allow":["GET"]}}],"collection":[{"href":"https:\/\/com-pac.ovh\/preprod2\/wp-json\/wp\/v2\/product"}],"about":[{"href":"https:\/\/com-pac.ovh\/preprod2\/wp-json\/wp\/v2\/types\/product"}],"replies":[{"embeddable":true,"href":"https:\/\/com-pac.ovh\/preprod2\/wp-json\/wp\/v2\/comments?post=1911"}],"wp:featuredmedia":[{"embeddable":true,"href":"https:\/\/com-pac.ovh\/preprod2\/wp-json\/wp\/v2\/media\/1910"}],"wp:attachment":[{"href":"https:\/\/com-pac.ovh\/preprod2\/wp-json\/wp\/v2\/media?parent=1911"}],"wp:term":[{"taxonomy":"product_brand","embeddable":true,"href":"https:\/\/com-pac.ovh\/preprod2\/wp-json\/wp\/v2\/product_brand?post=1911"},{"taxonomy":"product_cat","embeddable":true,"href":"https:\/\/com-pac.ovh\/preprod2\/wp-json\/wp\/v2\/product_cat?post=1911"},{"taxonomy":"product_tag","embeddable":true,"href":"https:\/\/com-pac.ovh\/preprod2\/wp-json\/wp\/v2\/product_tag?post=1911"}],"curies":[{"name":"wp","href":"https:\/\/api.w.org\/{rel}","templated":true}]}}