
{"id":1931,"date":"2023-11-06T20:12:26","date_gmt":"2023-11-06T19:12:26","guid":{"rendered":"https:\/\/com-pac.ovh\/preprod2\/produit\/easy-life-catappa-x-250-ml\/"},"modified":"2025-06-06T11:48:54","modified_gmt":"2025-06-06T09:48:54","slug":"easy-life-catappa-x-250-ml","status":"publish","type":"product","link":"https:\/\/com-pac.ovh\/preprod2\/produit\/easy-life-catappa-x-250-ml\/","title":{"rendered":"EASY LIFE CATAPPA-X"},"content":{"rendered":"<p>Feuilles de Catappa sous forme liquide<\/p>\n<p>Les feuilles de Catappa sont ajout\u00e9es \u00e0 l\u2019eau d\u2019aquarium en raison de leur action b\u00e9n\u00e9fique sur les poissons et crevettes. Catappa-X est la version liquide efficace de ces feuilles.<\/p>\n<p>Plong\u00e9es dans l\u2019eau, les feuilles de l\u2019arbre Catappa lib\u00e8rent des substances b\u00e9n\u00e9fiques. L\u2019inconv\u00e9nient, c\u2019est qu\u2019elles disparaissent apr\u00e8s un certain temps, ce qui a pour effet de lib\u00e9rer des compos\u00e9s organiques. Cela provoque des effets secondaires g\u00eanants : l\u2019eau\u00a0brunit et les compos\u00e9s organiques lib\u00e9r\u00e9s polluent et chargent l\u2019eau.<\/p>\n<p>Catappa-X apporte la r\u00e9ponse \u00e0 tous ces probl\u00e8mes. Il ne d\u00e9colore et ne pollue pas l\u2019eau. Il diminue la teneur en germes et r\u00e9duit donc fortement le risque de maladies. Avec Catappa-X, les poissons et crevettes prosp\u00e8rent beaucoup mieux et pr\u00e9sentent des couleurs plus intenses.<\/p>\n","protected":false},"excerpt":{"rendered":"<p>Les feuilles de Catappa sont ajout\u00e9es \u00e0 l\u2019eau d\u2019aquarium en raison de leur action b\u00e9n\u00e9fique sur les poissons et crevettes. Catappa-X est la version liquide efficace de ces feuilles.<\/p>\n","protected":false},"featured_media":1930,"comment_status":"open","ping_status":"closed","template":"","meta":[],"product_brand":[1596],"product_cat":[827,84],"product_tag":[],"class_list":{"0":"post-1931","1":"product","2":"type-product","3":"status-publish","4":"has-post-thumbnail","6":"product_brand-easy-life","7":"product_cat-accessoires","8":"product_cat-materiel-nourriture","9":"product_shipping_class-materiel-nourriture","10":"pa_contenance-250ml","12":"first","13":"instock","14":"taxable","15":"shipping-taxable","16":"purchasable","17":"product-type-simple"},"acf":[],"_links":{"self":[{"href":"https:\/\/com-pac.ovh\/preprod2\/wp-json\/wp\/v2\/product\/1931","targetHints":{"allow":["GET"]}}],"collection":[{"href":"https:\/\/com-pac.ovh\/preprod2\/wp-json\/wp\/v2\/product"}],"about":[{"href":"https:\/\/com-pac.ovh\/preprod2\/wp-json\/wp\/v2\/types\/product"}],"replies":[{"embeddable":true,"href":"https:\/\/com-pac.ovh\/preprod2\/wp-json\/wp\/v2\/comments?post=1931"}],"wp:featuredmedia":[{"embeddable":true,"href":"https:\/\/com-pac.ovh\/preprod2\/wp-json\/wp\/v2\/media\/1930"}],"wp:attachment":[{"href":"https:\/\/com-pac.ovh\/preprod2\/wp-json\/wp\/v2\/media?parent=1931"}],"wp:term":[{"taxonomy":"product_brand","embeddable":true,"href":"https:\/\/com-pac.ovh\/preprod2\/wp-json\/wp\/v2\/product_brand?post=1931"},{"taxonomy":"product_cat","embeddable":true,"href":"https:\/\/com-pac.ovh\/preprod2\/wp-json\/wp\/v2\/product_cat?post=1931"},{"taxonomy":"product_tag","embeddable":true,"href":"https:\/\/com-pac.ovh\/preprod2\/wp-json\/wp\/v2\/product_tag?post=1931"}],"curies":[{"name":"wp","href":"https:\/\/api.w.org\/{rel}","templated":true}]}}