
{"id":2044,"date":"2024-09-24T16:08:26","date_gmt":"2024-09-24T14:08:26","guid":{"rendered":"https:\/\/com-pac.ovh\/preprod2\/?post_type=product&#038;p=2044"},"modified":"2025-06-06T09:54:36","modified_gmt":"2025-06-06T07:54:36","slug":"aquarium-aqua20c-ciano-3","status":"publish","type":"product","link":"https:\/\/com-pac.ovh\/preprod2\/produit\/aquarium-aqua20c-ciano-3\/","title":{"rendered":"Aquarium Aqua20C Ciano"},"content":{"rendered":"<p><span class=\"subtitle\" style=\"background-color: #ffffff;\">L\u2019Aqua 20 Classic, un petit aquarium en verre de simple utilisation, beau, \u00e9quip\u00e9 d\u2019un capot de protection pour emp\u00eacher les poissons de sauter et avec un syst\u00e8me de filtration performant Ciano\u00ae.<br \/>\n<\/span>&#8211; Syst\u00e8me de filtration et pompes CF40 Ciano.<br \/>\n<span class=\"subtitle\" style=\"color: #000000;\">CF40 Ciano\u00ae est un filtre int\u00e9rieur de haute performance, facile \u00e0 installer et d\u2019une maintenance r\u00e9duite. Optimis\u00e9 pour minimiser le stress des poissons. Id\u00e9al pour les aquariums de 20 \u00e0 40 litres.<br \/>\n<\/span>&#8211; Dose de Water Clear S Ciano<br \/>\n<span class=\"subtitle\" style=\"color: #000000;\">\u00c9limine les substances nuisibles \u00e0 vos poissons et maintient l\u2019eau cristalline et sans odeurs. Action pr\u00e9ventive contre l\u2019apparition d\u2019algues.<br \/>\n<\/span><span class=\"subtitle\" style=\"color: #000000;\">&#8211; FOAM S Ciano Mousse<\/span><\/p>\n","protected":false},"excerpt":{"rendered":"<p>Ensemble sans \u00e9clairage AQUA20C CIANO<br \/>\n<span class=\"subtitle\" style=\"color: #000000;\">Retient particules et mati\u00e8res organiques pr\u00e9sentes dans l\u2019eau.<br \/>\n<\/span>Poids aquarium avec eau : 17 kg<\/p>\n<p><img decoding=\"async\" class=\" size-full wp-image-2037\" src=\"https:\/\/com-pac.ovh\/preprod2\/wp-content\/uploads\/2023\/11\/LOGO-ECOLO.png\" alt=\"\" width=\"39\" height=\"37\" srcset=\"https:\/\/com-pac.ovh\/preprod2\/wp-content\/uploads\/2023\/11\/LOGO-ECOLO.png 736w, https:\/\/com-pac.ovh\/preprod2\/wp-content\/uploads\/2023\/11\/LOGO-ECOLO-600x558.png 600w, https:\/\/com-pac.ovh\/preprod2\/wp-content\/uploads\/2023\/11\/LOGO-ECOLO-300x279.png 300w\" sizes=\"(max-width: 39px) 100vw, 39px\" \/><\/p>\n","protected":false},"featured_media":2039,"comment_status":"open","ping_status":"closed","template":"","meta":[],"product_brand":[],"product_cat":[829,84],"product_tag":[1618],"class_list":{"0":"post-2044","1":"product","2":"type-product","3":"status-publish","4":"has-post-thumbnail","6":"product_cat-aquariums","7":"product_cat-materiel-nourriture","8":"product_tag-sable-offert","9":"product_shipping_class-aquariums","10":"pa_couleur-blanc","11":"pa_couleur-noir","12":"pa_hauteur-de-laquarium-en-cm-1092","13":"pa_volume-de-laquarium-125l","15":"first","16":"instock","17":"sale","18":"taxable","19":"shipping-taxable","20":"purchasable","21":"product-type-variable","22":"has-default-attributes"},"acf":[],"_links":{"self":[{"href":"https:\/\/com-pac.ovh\/preprod2\/wp-json\/wp\/v2\/product\/2044","targetHints":{"allow":["GET"]}}],"collection":[{"href":"https:\/\/com-pac.ovh\/preprod2\/wp-json\/wp\/v2\/product"}],"about":[{"href":"https:\/\/com-pac.ovh\/preprod2\/wp-json\/wp\/v2\/types\/product"}],"replies":[{"embeddable":true,"href":"https:\/\/com-pac.ovh\/preprod2\/wp-json\/wp\/v2\/comments?post=2044"}],"wp:featuredmedia":[{"embeddable":true,"href":"https:\/\/com-pac.ovh\/preprod2\/wp-json\/wp\/v2\/media\/2039"}],"wp:attachment":[{"href":"https:\/\/com-pac.ovh\/preprod2\/wp-json\/wp\/v2\/media?parent=2044"}],"wp:term":[{"taxonomy":"product_brand","embeddable":true,"href":"https:\/\/com-pac.ovh\/preprod2\/wp-json\/wp\/v2\/product_brand?post=2044"},{"taxonomy":"product_cat","embeddable":true,"href":"https:\/\/com-pac.ovh\/preprod2\/wp-json\/wp\/v2\/product_cat?post=2044"},{"taxonomy":"product_tag","embeddable":true,"href":"https:\/\/com-pac.ovh\/preprod2\/wp-json\/wp\/v2\/product_tag?post=2044"}],"curies":[{"name":"wp","href":"https:\/\/api.w.org\/{rel}","templated":true}]}}