
{"id":2063,"date":"2023-11-18T07:55:11","date_gmt":"2023-11-18T06:55:11","guid":{"rendered":"https:\/\/com-pac.ovh\/preprod2\/produit\/sable-de-loire-4kg\/"},"modified":"2025-06-06T11:34:21","modified_gmt":"2025-06-06T09:34:21","slug":"sable-de-loire-4kg","status":"publish","type":"product","link":"https:\/\/com-pac.ovh\/preprod2\/produit\/sable-de-loire-4kg\/","title":{"rendered":"Sable de loire 4kg"},"content":{"rendered":"<p>Le sable de Loire est le substrat incontournable en Aquariophilie.<br \/>\nIl est naturel, De couleur beige il n&#8217;abime pas les barbillons des poissons des poissons et sa granulom\u00e9trie (0.8 \u00e0 1 mm) lui permet de laisser se d\u00e9velopper le syst\u00e8me racinaire des plantes.<br \/>\nPr\u00e9voir une hauteur de 4 cm de sable au fond de l&#8217;aquarium.<br \/>\nRincer plusieurs fois le sable avant introduction dans l&#8217;aquarium.<\/p>\n","protected":false},"excerpt":{"rendered":"<p>SCALARE SABLE DE LOIRE 4KG<\/p>\n","protected":false},"featured_media":2062,"comment_status":"open","ping_status":"closed","template":"","meta":[],"product_brand":[],"product_cat":[827,39],"product_tag":[],"class_list":{"0":"post-2063","1":"product","2":"type-product","3":"status-publish","4":"has-post-thumbnail","6":"product_cat-accessoires","7":"product_cat-decors","8":"product_shipping_class-materiel-nourriture","9":"pa_contenance-4-kg","11":"first","12":"instock","13":"sale","14":"taxable","15":"shipping-taxable","16":"purchasable","17":"product-type-simple"},"acf":[],"_links":{"self":[{"href":"https:\/\/com-pac.ovh\/preprod2\/wp-json\/wp\/v2\/product\/2063","targetHints":{"allow":["GET"]}}],"collection":[{"href":"https:\/\/com-pac.ovh\/preprod2\/wp-json\/wp\/v2\/product"}],"about":[{"href":"https:\/\/com-pac.ovh\/preprod2\/wp-json\/wp\/v2\/types\/product"}],"replies":[{"embeddable":true,"href":"https:\/\/com-pac.ovh\/preprod2\/wp-json\/wp\/v2\/comments?post=2063"}],"wp:featuredmedia":[{"embeddable":true,"href":"https:\/\/com-pac.ovh\/preprod2\/wp-json\/wp\/v2\/media\/2062"}],"wp:attachment":[{"href":"https:\/\/com-pac.ovh\/preprod2\/wp-json\/wp\/v2\/media?parent=2063"}],"wp:term":[{"taxonomy":"product_brand","embeddable":true,"href":"https:\/\/com-pac.ovh\/preprod2\/wp-json\/wp\/v2\/product_brand?post=2063"},{"taxonomy":"product_cat","embeddable":true,"href":"https:\/\/com-pac.ovh\/preprod2\/wp-json\/wp\/v2\/product_cat?post=2063"},{"taxonomy":"product_tag","embeddable":true,"href":"https:\/\/com-pac.ovh\/preprod2\/wp-json\/wp\/v2\/product_tag?post=2063"}],"curies":[{"name":"wp","href":"https:\/\/api.w.org\/{rel}","templated":true}]}}