
{"id":2075,"date":"2023-11-18T08:48:35","date_gmt":"2023-11-18T07:48:35","guid":{"rendered":"https:\/\/com-pac.ovh\/preprod2\/produit\/racine-mangrove-30-a-50-cm\/"},"modified":"2025-06-06T11:30:03","modified_gmt":"2025-06-06T09:30:03","slug":"racine-mangrove-30-a-50-cm","status":"publish","type":"product","link":"https:\/\/com-pac.ovh\/preprod2\/produit\/racine-mangrove-30-a-50-cm\/","title":{"rendered":"Racine Mangrove"},"content":{"rendered":"<p>AMTRA MANGROVIA<\/p>\n<p>AMTRA MANGROVIA \u2013 bois s\u00e9lectionn\u00e9 pour les aquariums<\/p>\n<p>Bois naturel sp\u00e9cifiquement s\u00e9lectionn\u00e9 pour recr\u00e9er des biotopes \u00ab sauvages \u00bb ou des aquariums naturels<br \/>\nId\u00e9al pour une utilisation dans les aquariums, les paludariums, les terrariums aquatiques et les terrariums.<br \/>\n<strong>ATTENTION laissez le bois dans l\u2019eau pendant au moins 15 jours avant de le placer dans l\u2019aquarium, en changeant l\u2019eau \u00e0 plusieurs reprises afin de le laisser s\u2019\u00e9goutter.<\/strong><br \/>\nArticles naturels \u2013 chaque pi\u00e8ce est unique et peut diff\u00e9rer des autres par son poids, sa forme, sa couleur et sa taille<\/p>\n","protected":false},"excerpt":{"rendered":"<p>Racine Mangrove de 30 \u00e0 50 cm.<\/p>\n","protected":false},"featured_media":2073,"comment_status":"open","ping_status":"closed","template":"","meta":[],"product_brand":[1597],"product_cat":[827,39,84],"product_tag":[],"class_list":{"0":"post-2075","1":"product","2":"type-product","3":"status-publish","4":"has-post-thumbnail","6":"product_brand-amtra","7":"product_cat-accessoires","8":"product_cat-decors","9":"product_cat-materiel-nourriture","10":"product_shipping_class-materiel-nourriture","11":"pa_taille-en-cm-30-a-50","13":"first","14":"instock","15":"taxable","16":"shipping-taxable","17":"purchasable","18":"product-type-simple"},"acf":[],"_links":{"self":[{"href":"https:\/\/com-pac.ovh\/preprod2\/wp-json\/wp\/v2\/product\/2075","targetHints":{"allow":["GET"]}}],"collection":[{"href":"https:\/\/com-pac.ovh\/preprod2\/wp-json\/wp\/v2\/product"}],"about":[{"href":"https:\/\/com-pac.ovh\/preprod2\/wp-json\/wp\/v2\/types\/product"}],"replies":[{"embeddable":true,"href":"https:\/\/com-pac.ovh\/preprod2\/wp-json\/wp\/v2\/comments?post=2075"}],"wp:featuredmedia":[{"embeddable":true,"href":"https:\/\/com-pac.ovh\/preprod2\/wp-json\/wp\/v2\/media\/2073"}],"wp:attachment":[{"href":"https:\/\/com-pac.ovh\/preprod2\/wp-json\/wp\/v2\/media?parent=2075"}],"wp:term":[{"taxonomy":"product_brand","embeddable":true,"href":"https:\/\/com-pac.ovh\/preprod2\/wp-json\/wp\/v2\/product_brand?post=2075"},{"taxonomy":"product_cat","embeddable":true,"href":"https:\/\/com-pac.ovh\/preprod2\/wp-json\/wp\/v2\/product_cat?post=2075"},{"taxonomy":"product_tag","embeddable":true,"href":"https:\/\/com-pac.ovh\/preprod2\/wp-json\/wp\/v2\/product_tag?post=2075"}],"curies":[{"name":"wp","href":"https:\/\/api.w.org\/{rel}","templated":true}]}}