
{"id":2090,"date":"2023-11-21T09:18:23","date_gmt":"2023-11-21T08:18:23","guid":{"rendered":"https:\/\/com-pac.ovh\/preprod2\/produit\/mikrogeophagus-ramirezi\/"},"modified":"2025-06-03T11:03:54","modified_gmt":"2025-06-03T09:03:54","slug":"mikrogeophagus-ramirezi","status":"publish","type":"product","link":"https:\/\/com-pac.ovh\/preprod2\/produit\/mikrogeophagus-ramirezi\/","title":{"rendered":"Mikrogeophagus Ramirezi"},"content":{"rendered":"<p>Petit cichlid\u00e9 , peu agressif et tr\u00e8s color\u00e9, Le mikrogeophagus ramirezi ou ramirezi est un petit cichlid\u00e9 am\u00e9ricain qui \u00e9volulera au fond de l&#8217;aquarium d&#8217;eau douce.<\/p>\n","protected":false},"excerpt":{"rendered":"<p>Le mikrogeophagus ramirezi ou ramirezi est un petit cichlid\u00e9 am\u00e9ricain. Il est d\u00e9clin\u00e9 en 3 versions, classique, bleu \u00e9lectrique ou gold.<\/p>\n<p>Taille entre 2,5 cm et 3cm<\/p>\n","protected":false},"featured_media":2085,"comment_status":"open","ping_status":"closed","template":"","meta":[],"product_brand":[],"product_cat":[82,824],"product_tag":[],"class_list":{"0":"post-2090","1":"product","2":"type-product","3":"status-publish","4":"has-post-thumbnail","6":"product_cat-poissons-invertebres","7":"product_cat-poissons-deau-douce","8":"product_shipping_class-vivants","9":"pa_continent-amerique-du-sud","10":"pa_famille-cichlidae","11":"pa_genre-mikrogeophagus","12":"pa_gh-10-25","13":"pa_maintenance-moderee","14":"pa_origine-amrique-du-sud-ornoque","15":"pa_ph-5-0-7-0-2","16":"pa_taille-en-cm-1325","17":"pa_taillemaximale-7cm-2","18":"pa_type-de-poissons-cichlides-nains","19":"pa_volumeminimum-80l","21":"first","22":"instock","23":"taxable","24":"shipping-taxable","25":"purchasable","26":"product-type-simple"},"acf":[],"_links":{"self":[{"href":"https:\/\/com-pac.ovh\/preprod2\/wp-json\/wp\/v2\/product\/2090","targetHints":{"allow":["GET"]}}],"collection":[{"href":"https:\/\/com-pac.ovh\/preprod2\/wp-json\/wp\/v2\/product"}],"about":[{"href":"https:\/\/com-pac.ovh\/preprod2\/wp-json\/wp\/v2\/types\/product"}],"replies":[{"embeddable":true,"href":"https:\/\/com-pac.ovh\/preprod2\/wp-json\/wp\/v2\/comments?post=2090"}],"wp:featuredmedia":[{"embeddable":true,"href":"https:\/\/com-pac.ovh\/preprod2\/wp-json\/wp\/v2\/media\/2085"}],"wp:attachment":[{"href":"https:\/\/com-pac.ovh\/preprod2\/wp-json\/wp\/v2\/media?parent=2090"}],"wp:term":[{"taxonomy":"product_brand","embeddable":true,"href":"https:\/\/com-pac.ovh\/preprod2\/wp-json\/wp\/v2\/product_brand?post=2090"},{"taxonomy":"product_cat","embeddable":true,"href":"https:\/\/com-pac.ovh\/preprod2\/wp-json\/wp\/v2\/product_cat?post=2090"},{"taxonomy":"product_tag","embeddable":true,"href":"https:\/\/com-pac.ovh\/preprod2\/wp-json\/wp\/v2\/product_tag?post=2090"}],"curies":[{"name":"wp","href":"https:\/\/api.w.org\/{rel}","templated":true}]}}