
{"id":2098,"date":"2023-12-02T11:37:58","date_gmt":"2023-12-02T10:37:58","guid":{"rendered":"https:\/\/com-pac.ovh\/preprod2\/produit\/cabomba-furcata\/"},"modified":"2025-06-11T12:41:29","modified_gmt":"2025-06-11T10:41:29","slug":"cabomba-furcata","status":"publish","type":"product","link":"https:\/\/com-pac.ovh\/preprod2\/produit\/cabomba-furcata\/","title":{"rendered":"Cabomba Furcata"},"content":{"rendered":"","protected":false},"excerpt":{"rendered":"<p>Cabomba furcata est une magnifique plante d\u2019arri\u00e8re-plan au feuillage fin et plumeux, d\u2019un rouge dor\u00e9 \u00e9clatant. Elle apporte une touche \u00e9l\u00e9gante et a\u00e9rienne \u00e0 tout aquascape. Tr\u00e8s d\u00e9corative, elle demande un \u00e9clairage puissant et un apport en CO\u2082 pour exprimer pleinement sa couleur et \u00e9viter que ses tiges ne se d\u00e9garnissent. Id\u00e9ale pour les aquariophiles exp\u00e9riment\u00e9s souhaitant structurer un aquarium tr\u00e8s plant\u00e9.<\/p>\n","protected":false},"featured_media":2097,"comment_status":"open","ping_status":"closed","template":"","meta":[],"product_brand":[],"product_cat":[83],"product_tag":[],"class_list":{"0":"post-2098","1":"product","2":"type-product","3":"status-publish","4":"has-post-thumbnail","6":"product_cat-plantes-daquariums","7":"product_shipping_class-materiel-nourriture","8":"pa_croissance-rapide","9":"pa_gh-3-a-8","10":"pa_origine-amerique-du-sud-bresil-perou","11":"pa_ph-6-0-7-0-3","13":"first","14":"onbackorder","15":"taxable","16":"shipping-taxable","17":"purchasable","18":"product-type-simple"},"acf":[],"_links":{"self":[{"href":"https:\/\/com-pac.ovh\/preprod2\/wp-json\/wp\/v2\/product\/2098","targetHints":{"allow":["GET"]}}],"collection":[{"href":"https:\/\/com-pac.ovh\/preprod2\/wp-json\/wp\/v2\/product"}],"about":[{"href":"https:\/\/com-pac.ovh\/preprod2\/wp-json\/wp\/v2\/types\/product"}],"replies":[{"embeddable":true,"href":"https:\/\/com-pac.ovh\/preprod2\/wp-json\/wp\/v2\/comments?post=2098"}],"wp:featuredmedia":[{"embeddable":true,"href":"https:\/\/com-pac.ovh\/preprod2\/wp-json\/wp\/v2\/media\/2097"}],"wp:attachment":[{"href":"https:\/\/com-pac.ovh\/preprod2\/wp-json\/wp\/v2\/media?parent=2098"}],"wp:term":[{"taxonomy":"product_brand","embeddable":true,"href":"https:\/\/com-pac.ovh\/preprod2\/wp-json\/wp\/v2\/product_brand?post=2098"},{"taxonomy":"product_cat","embeddable":true,"href":"https:\/\/com-pac.ovh\/preprod2\/wp-json\/wp\/v2\/product_cat?post=2098"},{"taxonomy":"product_tag","embeddable":true,"href":"https:\/\/com-pac.ovh\/preprod2\/wp-json\/wp\/v2\/product_tag?post=2098"}],"curies":[{"name":"wp","href":"https:\/\/api.w.org\/{rel}","templated":true}]}}