
{"id":2100,"date":"2023-12-02T11:41:23","date_gmt":"2023-12-02T10:41:23","guid":{"rendered":"https:\/\/com-pac.ovh\/preprod2\/produit\/cryptocoryne-moehlmannii\/"},"modified":"2025-06-11T12:39:35","modified_gmt":"2025-06-11T10:39:35","slug":"cryptocoryne-moehlmannii","status":"publish","type":"product","link":"https:\/\/com-pac.ovh\/preprod2\/produit\/cryptocoryne-moehlmannii\/","title":{"rendered":"Cryptocoryne Moehlmannii"},"content":{"rendered":"","protected":false},"excerpt":{"rendered":"<p>Cryptocoryne moehlmannii est une plante de rosette discr\u00e8te et \u00e9l\u00e9gante, id\u00e9ale pour l\u2019avant-plan ou le centre de l\u2019aquarium. Elle d\u00e9veloppe un feuillage vert l\u00e9g\u00e8rement ondul\u00e9 et s\u2019adapte facilement \u00e0 diff\u00e9rents param\u00e8tres d\u2019eau. Peu exigeante en lumi\u00e8re comme en CO\u2082, elle est parfaite pour les aquariums naturels ou low-tech.<\/p>\n","protected":false},"featured_media":2099,"comment_status":"open","ping_status":"closed","template":"","meta":[],"product_brand":[],"product_cat":[83],"product_tag":[],"class_list":{"0":"post-2100","1":"product","2":"type-product","3":"status-publish","4":"has-post-thumbnail","6":"product_cat-plantes-daquariums","7":"product_shipping_class-materiel-nourriture","8":"pa_croissance-lente","9":"pa_gh-3-10-3","10":"pa_origine-asie-indonesie","11":"pa_ph-6-0-7-5-4","13":"first","14":"instock","15":"taxable","16":"shipping-taxable","17":"purchasable","18":"product-type-simple"},"acf":[],"_links":{"self":[{"href":"https:\/\/com-pac.ovh\/preprod2\/wp-json\/wp\/v2\/product\/2100","targetHints":{"allow":["GET"]}}],"collection":[{"href":"https:\/\/com-pac.ovh\/preprod2\/wp-json\/wp\/v2\/product"}],"about":[{"href":"https:\/\/com-pac.ovh\/preprod2\/wp-json\/wp\/v2\/types\/product"}],"replies":[{"embeddable":true,"href":"https:\/\/com-pac.ovh\/preprod2\/wp-json\/wp\/v2\/comments?post=2100"}],"wp:featuredmedia":[{"embeddable":true,"href":"https:\/\/com-pac.ovh\/preprod2\/wp-json\/wp\/v2\/media\/2099"}],"wp:attachment":[{"href":"https:\/\/com-pac.ovh\/preprod2\/wp-json\/wp\/v2\/media?parent=2100"}],"wp:term":[{"taxonomy":"product_brand","embeddable":true,"href":"https:\/\/com-pac.ovh\/preprod2\/wp-json\/wp\/v2\/product_brand?post=2100"},{"taxonomy":"product_cat","embeddable":true,"href":"https:\/\/com-pac.ovh\/preprod2\/wp-json\/wp\/v2\/product_cat?post=2100"},{"taxonomy":"product_tag","embeddable":true,"href":"https:\/\/com-pac.ovh\/preprod2\/wp-json\/wp\/v2\/product_tag?post=2100"}],"curies":[{"name":"wp","href":"https:\/\/api.w.org\/{rel}","templated":true}]}}