
{"id":2104,"date":"2023-12-02T11:46:40","date_gmt":"2023-12-02T10:46:40","guid":{"rendered":"https:\/\/com-pac.ovh\/preprod2\/produit\/alternanthera-reineckii-lilacina\/"},"modified":"2025-06-11T12:29:02","modified_gmt":"2025-06-11T10:29:02","slug":"alternanthera-reineckii-lilacina","status":"publish","type":"product","link":"https:\/\/com-pac.ovh\/preprod2\/produit\/alternanthera-reineckii-lilacina\/","title":{"rendered":"Alternanthera reineckii"},"content":{"rendered":"<p>Cette plante ajoute un r\u00e9el contraste \u00e0 votre aquarium gr\u00e2ce \u00e0 ses feuilles d\u2019un rouge profond. Plant\u00e9e de pr\u00e9f\u00e9rence en groupe, Rosaefolia a un bon taux de croissance, avec ses feuilles en forme de lance. Comme toutes les Alternanthera, elle a besoin d\u2019un \u00e9clairage fort pour une couleur optimale et d\u2019un engrais riche en fer.<\/p>\n","protected":false},"excerpt":{"rendered":"<p>Alternanthera reineckii est une plante de tige au feuillage rouge \u00e0 pourpre particuli\u00e8rement appr\u00e9ci\u00e9e pour ajouter de la couleur et du contraste dans l\u2019aquarium. Elle prosp\u00e8re sous un \u00e9clairage soutenu et avec un apport mod\u00e9r\u00e9 en CO\u2082, ce qui renforce sa coloration et sa compacit\u00e9. Parfaite pour cr\u00e9er des points focaux en arri\u00e8re-plan ou sur les c\u00f4t\u00e9s, elle se bouture facilement et forme de magnifiques massifs structur\u00e9s.<\/p>\n","protected":false},"featured_media":2103,"comment_status":"open","ping_status":"closed","template":"","meta":[],"product_brand":[],"product_cat":[83],"product_tag":[],"class_list":{"0":"post-2104","1":"product","2":"type-product","3":"status-publish","4":"has-post-thumbnail","6":"product_cat-plantes-daquariums","7":"product_shipping_class-materiel-nourriture","8":"pa_croissance-moderee","9":"pa_gh-3-12-3","10":"pa_origine-amrique-du-sud-amazonie","11":"pa_ph-6-0-7-5-4","13":"first","14":"instock","15":"taxable","16":"shipping-taxable","17":"purchasable","18":"product-type-simple"},"acf":[],"_links":{"self":[{"href":"https:\/\/com-pac.ovh\/preprod2\/wp-json\/wp\/v2\/product\/2104","targetHints":{"allow":["GET"]}}],"collection":[{"href":"https:\/\/com-pac.ovh\/preprod2\/wp-json\/wp\/v2\/product"}],"about":[{"href":"https:\/\/com-pac.ovh\/preprod2\/wp-json\/wp\/v2\/types\/product"}],"replies":[{"embeddable":true,"href":"https:\/\/com-pac.ovh\/preprod2\/wp-json\/wp\/v2\/comments?post=2104"}],"wp:featuredmedia":[{"embeddable":true,"href":"https:\/\/com-pac.ovh\/preprod2\/wp-json\/wp\/v2\/media\/2103"}],"wp:attachment":[{"href":"https:\/\/com-pac.ovh\/preprod2\/wp-json\/wp\/v2\/media?parent=2104"}],"wp:term":[{"taxonomy":"product_brand","embeddable":true,"href":"https:\/\/com-pac.ovh\/preprod2\/wp-json\/wp\/v2\/product_brand?post=2104"},{"taxonomy":"product_cat","embeddable":true,"href":"https:\/\/com-pac.ovh\/preprod2\/wp-json\/wp\/v2\/product_cat?post=2104"},{"taxonomy":"product_tag","embeddable":true,"href":"https:\/\/com-pac.ovh\/preprod2\/wp-json\/wp\/v2\/product_tag?post=2104"}],"curies":[{"name":"wp","href":"https:\/\/api.w.org\/{rel}","templated":true}]}}