
{"id":2108,"date":"2023-12-02T11:50:15","date_gmt":"2023-12-02T10:50:15","guid":{"rendered":"https:\/\/com-pac.ovh\/preprod2\/produit\/cryptocoryne-x-willisii-nevellii\/"},"modified":"2025-06-11T12:23:29","modified_gmt":"2025-06-11T10:23:29","slug":"cryptocoryne-x-willisii-nevellii","status":"publish","type":"product","link":"https:\/\/com-pac.ovh\/preprod2\/produit\/cryptocoryne-x-willisii-nevellii\/","title":{"rendered":"Cryptocoryne x willisii &#8216;Nevellii&#8217;"},"content":{"rendered":"","protected":false},"excerpt":{"rendered":"<p>Cryptocoryne \u00d7 willisii \u2018Nevellii\u2019 est une petite plante d\u2019avant-plan id\u00e9ale pour les aquariums peu exigeants. Elle forme des touffes vert clair, aux feuilles \u00e9troites et l\u00e9g\u00e8rement ondul\u00e9es. Tr\u00e8s tol\u00e9rante, elle pousse lentement, m\u00eame en faible \u00e9clairage et sans apport en CO\u2082. Son faible entretien en fait un choix parfait pour les d\u00e9butants comme pour les aquascapes naturels.<\/p>\n","protected":false},"featured_media":2107,"comment_status":"open","ping_status":"closed","template":"","meta":[],"product_brand":[],"product_cat":[83],"product_tag":[],"class_list":{"0":"post-2108","1":"product","2":"type-product","3":"status-publish","4":"has-post-thumbnail","6":"product_cat-plantes-daquariums","7":"product_shipping_class-materiel-nourriture","8":"pa_croissance-lente","9":"pa_gh-4-12-2","10":"pa_origine-asie-sri-lanka","11":"pa_ph-6-0-7-5-4","13":"first","14":"instock","15":"taxable","16":"shipping-taxable","17":"purchasable","18":"product-type-simple"},"acf":[],"_links":{"self":[{"href":"https:\/\/com-pac.ovh\/preprod2\/wp-json\/wp\/v2\/product\/2108","targetHints":{"allow":["GET"]}}],"collection":[{"href":"https:\/\/com-pac.ovh\/preprod2\/wp-json\/wp\/v2\/product"}],"about":[{"href":"https:\/\/com-pac.ovh\/preprod2\/wp-json\/wp\/v2\/types\/product"}],"replies":[{"embeddable":true,"href":"https:\/\/com-pac.ovh\/preprod2\/wp-json\/wp\/v2\/comments?post=2108"}],"wp:featuredmedia":[{"embeddable":true,"href":"https:\/\/com-pac.ovh\/preprod2\/wp-json\/wp\/v2\/media\/2107"}],"wp:attachment":[{"href":"https:\/\/com-pac.ovh\/preprod2\/wp-json\/wp\/v2\/media?parent=2108"}],"wp:term":[{"taxonomy":"product_brand","embeddable":true,"href":"https:\/\/com-pac.ovh\/preprod2\/wp-json\/wp\/v2\/product_brand?post=2108"},{"taxonomy":"product_cat","embeddable":true,"href":"https:\/\/com-pac.ovh\/preprod2\/wp-json\/wp\/v2\/product_cat?post=2108"},{"taxonomy":"product_tag","embeddable":true,"href":"https:\/\/com-pac.ovh\/preprod2\/wp-json\/wp\/v2\/product_tag?post=2108"}],"curies":[{"name":"wp","href":"https:\/\/api.w.org\/{rel}","templated":true}]}}