
{"id":2110,"date":"2023-12-02T11:52:33","date_gmt":"2023-12-02T10:52:33","guid":{"rendered":"https:\/\/com-pac.ovh\/preprod2\/produit\/echinodorus-cordifolius-marble-queen\/"},"modified":"2025-06-11T12:20:30","modified_gmt":"2025-06-11T10:20:30","slug":"echinodorus-cordifolius-marble-queen","status":"publish","type":"product","link":"https:\/\/com-pac.ovh\/preprod2\/produit\/echinodorus-cordifolius-marble-queen\/","title":{"rendered":"Echinodorus cordifolius &#8216;Marble Queen"},"content":{"rendered":"","protected":false},"excerpt":{"rendered":"<p>Echinodorus cordifolius \u2018Marble Queen\u2019 est une plante d\u2019aquarium \u00e9l\u00e9gante et robuste, reconnue pour ses larges feuilles marbr\u00e9es blanc-vert qui apportent une touche graphique et lumineuse. Adapt\u00e9e \u00e0 une large gamme de param\u00e8tres, elle trouve sa place en midground ou arri\u00e8re-plan, offrant un volume imposant. Elle demande un \u00e9clairage moyen \u00e0 fort et un apport mod\u00e9r\u00e9 en CO\u2082 pour un d\u00e9veloppement optimal et la meilleure expression de ses couleurs.<\/p>\n","protected":false},"featured_media":2109,"comment_status":"open","ping_status":"closed","template":"","meta":[],"product_brand":[],"product_cat":[83],"product_tag":[],"class_list":{"0":"post-2110","1":"product","2":"type-product","3":"status-publish","4":"has-post-thumbnail","6":"product_cat-plantes-daquariums","7":"product_shipping_class-materiel-nourriture","8":"pa_croissance-moderee","9":"pa_gh-3-12-3","10":"pa_origine-amerique-du-sud","11":"pa_ph-6-5-7-5-3","13":"first","14":"instock","15":"taxable","16":"shipping-taxable","17":"purchasable","18":"product-type-simple"},"acf":[],"_links":{"self":[{"href":"https:\/\/com-pac.ovh\/preprod2\/wp-json\/wp\/v2\/product\/2110","targetHints":{"allow":["GET"]}}],"collection":[{"href":"https:\/\/com-pac.ovh\/preprod2\/wp-json\/wp\/v2\/product"}],"about":[{"href":"https:\/\/com-pac.ovh\/preprod2\/wp-json\/wp\/v2\/types\/product"}],"replies":[{"embeddable":true,"href":"https:\/\/com-pac.ovh\/preprod2\/wp-json\/wp\/v2\/comments?post=2110"}],"wp:featuredmedia":[{"embeddable":true,"href":"https:\/\/com-pac.ovh\/preprod2\/wp-json\/wp\/v2\/media\/2109"}],"wp:attachment":[{"href":"https:\/\/com-pac.ovh\/preprod2\/wp-json\/wp\/v2\/media?parent=2110"}],"wp:term":[{"taxonomy":"product_brand","embeddable":true,"href":"https:\/\/com-pac.ovh\/preprod2\/wp-json\/wp\/v2\/product_brand?post=2110"},{"taxonomy":"product_cat","embeddable":true,"href":"https:\/\/com-pac.ovh\/preprod2\/wp-json\/wp\/v2\/product_cat?post=2110"},{"taxonomy":"product_tag","embeddable":true,"href":"https:\/\/com-pac.ovh\/preprod2\/wp-json\/wp\/v2\/product_tag?post=2110"}],"curies":[{"name":"wp","href":"https:\/\/api.w.org\/{rel}","templated":true}]}}