
{"id":2229,"date":"2024-01-28T11:01:21","date_gmt":"2024-01-28T10:01:21","guid":{"rendered":"https:\/\/com-pac.ovh\/preprod2\/produit\/apistogramma-borellii\/"},"modified":"2025-06-16T13:21:34","modified_gmt":"2025-06-16T11:21:34","slug":"apistogramma-borellii-2","status":"publish","type":"product","link":"https:\/\/com-pac.ovh\/preprod2\/produit\/apistogramma-borellii-2\/","title":{"rendered":"Apistogramma borellii"},"content":{"rendered":"<p><strong data-start=\"210\" data-end=\"235\">Apistogramma borellii<\/strong> est un cichlid\u00e9 nain originaire du bassin du Paraguay (Paraguay, Br\u00e9sil, Argentine). Il est r\u00e9put\u00e9 pour son temp\u00e9rament pacifique, sa tol\u00e9rance \u00e0 des temp\u00e9ratures l\u00e9g\u00e8rement plus basses que les autres <em data-start=\"437\" data-end=\"451\">Apistogramma<\/em>, et ses superbes couleurs bleu opalescent, souvent rehauss\u00e9es de jaune sur la t\u00eate. Moins agressif que <em data-start=\"555\" data-end=\"571\">A. cacatuoides<\/em> ou <em data-start=\"575\" data-end=\"589\">A. agassizii<\/em>, il convient parfaitement \u00e0 un aquarium communautaire calme et bien plant\u00e9.<\/p>\n","protected":false},"excerpt":{"rendered":"<p>Apistogramma borellii est un cichlid\u00e9 nain d&#8217;Am\u00e9rique du sud.<\/p>\n","protected":false},"featured_media":2226,"comment_status":"open","ping_status":"closed","template":"","meta":[],"product_brand":[],"product_cat":[82,824],"product_tag":[],"class_list":{"0":"post-2229","1":"product","2":"type-product","3":"status-publish","4":"has-post-thumbnail","6":"product_cat-poissons-invertebres","7":"product_cat-poissons-deau-douce","8":"product_shipping_class-vivants","9":"pa_continent-amerique-du-sud","10":"pa_famille-cichlidae","11":"pa_genre-apistogramma","12":"pa_gh-3-10-3","13":"pa_maintenance-moderee","14":"pa_ph-5-5-7-0-3","15":"pa_taillemaximale-7cm-2","16":"pa_type-de-poissons-cichlides-nains","17":"pa_volumeminimum-60l","19":"first","20":"instock","21":"taxable","22":"shipping-taxable","23":"purchasable","24":"product-type-variable"},"acf":[],"_links":{"self":[{"href":"https:\/\/com-pac.ovh\/preprod2\/wp-json\/wp\/v2\/product\/2229","targetHints":{"allow":["GET"]}}],"collection":[{"href":"https:\/\/com-pac.ovh\/preprod2\/wp-json\/wp\/v2\/product"}],"about":[{"href":"https:\/\/com-pac.ovh\/preprod2\/wp-json\/wp\/v2\/types\/product"}],"replies":[{"embeddable":true,"href":"https:\/\/com-pac.ovh\/preprod2\/wp-json\/wp\/v2\/comments?post=2229"}],"wp:featuredmedia":[{"embeddable":true,"href":"https:\/\/com-pac.ovh\/preprod2\/wp-json\/wp\/v2\/media\/2226"}],"wp:attachment":[{"href":"https:\/\/com-pac.ovh\/preprod2\/wp-json\/wp\/v2\/media?parent=2229"}],"wp:term":[{"taxonomy":"product_brand","embeddable":true,"href":"https:\/\/com-pac.ovh\/preprod2\/wp-json\/wp\/v2\/product_brand?post=2229"},{"taxonomy":"product_cat","embeddable":true,"href":"https:\/\/com-pac.ovh\/preprod2\/wp-json\/wp\/v2\/product_cat?post=2229"},{"taxonomy":"product_tag","embeddable":true,"href":"https:\/\/com-pac.ovh\/preprod2\/wp-json\/wp\/v2\/product_tag?post=2229"}],"curies":[{"name":"wp","href":"https:\/\/api.w.org\/{rel}","templated":true}]}}