
{"id":2265,"date":"2024-09-24T16:08:27","date_gmt":"2024-09-24T14:08:27","guid":{"rendered":"https:\/\/com-pac.ovh\/preprod2\/?post_type=product&#038;p=2265"},"modified":"2025-06-06T09:51:38","modified_gmt":"2025-06-06T07:51:38","slug":"aquarium-eheim-proxima","status":"publish","type":"product","link":"https:\/\/com-pac.ovh\/preprod2\/produit\/aquarium-eheim-proxima\/","title":{"rendered":"Aquarium EHEIM PROXIMA"},"content":{"rendered":"<p>Avantages de la combinaison d\u2019aquarium EHEIM proxima<\/p>\n<p>l\u2019aquarium 175, 250 et 325 l<br \/>\n50 cm de profondeur &#8211; id\u00e9al pour la r\u00e9alisation du monde sous-marin (aquascaping)<br \/>\nDesign clair, m\u00e9lange de mat\u00e9riaux noble de verre et d\u2019aluminium bross\u00e9 (cadre d\u2019\u00e9clairage et cache sable)<br \/>\nCouvercle confortable avec des panneaux coulissants en verre noir.<br \/>\nDeux barres classicLED daylight, int\u00e9gr\u00e9es, librement r\u00e9glable<br \/>\nCouleur de la lumi\u00e8re 6500 K, similaire \u00e0 la lumi\u00e8re du jour (Le lever et le coucher du soleil peuvent \u00eatre simul\u00e9s en interposant un contr\u00f4leur.)<br \/>\n\u00c9clairage optimal, angle d&#8217;\u00e9clairage de 120\u00b0<br \/>\nBloc d&#8217;alimentation de s\u00e9curit\u00e9 et distributeur Y ; \u00e9clairage \u00e9tanche (IP 67)<br \/>\nHaute efficacit\u00e9 \u00e9nerg\u00e9tique ; dur\u00e9e de vie moyenne des luminaires LED min. 35000 heures.<br \/>\nMeuble stable en finition brillante (blanc) ainsi qu&#8217;en ch\u00eane ou en aspect b\u00e9ton modern avec une haptique attrayante (urban).<br \/>\nPortes sans poign\u00e9es avec technologie \u201ccharni\u00e8re amorti en &#8220;push to open&#8221;<br \/>\nHaute qualit\u00e9, excellente finition<br \/>\nBeaucoup d&#8217;espace \u00e0 l&#8217;int\u00e9rieur pour les filtres et les accessoires<br \/>\nUne partie du meuble avec \u00e9tag\u00e8re<br \/>\nLa partie arri\u00e8re avec ouverture pour les c\u00e2bles et tuyaux<br \/>\nSet d\u2019aquarium aussi disponible sans meuble<br \/>\nMeuble \u00e9galement disponible s\u00e9par\u00e9ment pour tous les mod\u00e8les proxima.<\/p>\n","protected":false},"excerpt":{"rendered":"<ul style=\"margin: 0rem 1rem 1rem 0px; padding: 0px; list-style-position: inside; list-style-type: none; color: #626362; font-family: Montserrat, Roboto, 'Open Sans', 'Helvetica Neue', Helvetica, Arial, 'Lucida Grande', sans-serif; font-size: 13px; background-color: #ffffff;\">\n<li style=\"line-height: 18px; margin: 0rem 0rem 0rem .375rem; padding-left: 30px;\">La gamme Proxima EHEIM propose trois mod\u00e8les d\u2019aquariums au design \u00e9l\u00e9gant m\u00ealant verre et aluminium bross\u00e9, avec un meuble sans poign\u00e9es au style \u00e9pur\u00e9. Trois finitions sont disponibles : blanc brillant, ch\u00eane ou aspect b\u00e9ton &#8220;urban&#8221;. Avec une profondeur de 50 cm, l\u2019aquarium est id\u00e9al pour l\u2019aquascaping et la cr\u00e9ation de biotopes personnalis\u00e9s. Le meuble stable offre un grand espace de rangement, avec un passage discret pour les c\u00e2bles et tuyaux.<\/li>\n<\/ul>\n","protected":false},"featured_media":2257,"comment_status":"open","ping_status":"closed","template":"","meta":[],"product_brand":[],"product_cat":[829,84],"product_tag":[],"class_list":{"0":"post-2265","1":"product","2":"type-product","3":"status-publish","4":"has-post-thumbnail","6":"product_cat-aquariums","7":"product_cat-materiel-nourriture","8":"product_shipping_class-aquariums","9":"pa_hauteur-de-laquarium-en-cm-1084","10":"pa_volume-de-laquarium-250litres","12":"first","13":"onbackorder","14":"taxable","15":"shipping-taxable","16":"purchasable","17":"product-type-variable"},"acf":[],"_links":{"self":[{"href":"https:\/\/com-pac.ovh\/preprod2\/wp-json\/wp\/v2\/product\/2265","targetHints":{"allow":["GET"]}}],"collection":[{"href":"https:\/\/com-pac.ovh\/preprod2\/wp-json\/wp\/v2\/product"}],"about":[{"href":"https:\/\/com-pac.ovh\/preprod2\/wp-json\/wp\/v2\/types\/product"}],"replies":[{"embeddable":true,"href":"https:\/\/com-pac.ovh\/preprod2\/wp-json\/wp\/v2\/comments?post=2265"}],"wp:featuredmedia":[{"embeddable":true,"href":"https:\/\/com-pac.ovh\/preprod2\/wp-json\/wp\/v2\/media\/2257"}],"wp:attachment":[{"href":"https:\/\/com-pac.ovh\/preprod2\/wp-json\/wp\/v2\/media?parent=2265"}],"wp:term":[{"taxonomy":"product_brand","embeddable":true,"href":"https:\/\/com-pac.ovh\/preprod2\/wp-json\/wp\/v2\/product_brand?post=2265"},{"taxonomy":"product_cat","embeddable":true,"href":"https:\/\/com-pac.ovh\/preprod2\/wp-json\/wp\/v2\/product_cat?post=2265"},{"taxonomy":"product_tag","embeddable":true,"href":"https:\/\/com-pac.ovh\/preprod2\/wp-json\/wp\/v2\/product_tag?post=2265"}],"curies":[{"name":"wp","href":"https:\/\/api.w.org\/{rel}","templated":true}]}}