
{"id":2303,"date":"2024-10-26T14:44:53","date_gmt":"2024-10-26T12:44:53","guid":{"rendered":"https:\/\/com-pac.ovh\/preprod2\/?post_type=product&#038;p=2303"},"modified":"2025-06-02T16:18:55","modified_gmt":"2025-06-02T14:18:55","slug":"gymnogeophagus-balzanii","status":"publish","type":"product","link":"https:\/\/com-pac.ovh\/preprod2\/produit\/gymnogeophagus-balzanii\/","title":{"rendered":"Gymnogeophagus Balzanii"},"content":{"rendered":"<p>Le Gymnogeophagus balzanii est un cichlid\u00e9 d\u2019eau douce originaire du sud du Br\u00e9sil et de l\u2019Argentine, vivant dans des eaux peu profondes \u00e0 fond sablonneux et v\u00e9g\u00e9talis\u00e9. Mesurant 10 \u00e0 12 cm, il arbore de belles teintes de bleu, vert et jaune, plus marqu\u00e9es chez les m\u00e2les. G\u00e9n\u00e9ralement paisible mais territorial en p\u00e9riode de reproduction, il peut cohabiter avec d\u2019autres cichlid\u00e9s calmes. Omnivore, il se nourrit d\u2019insectes, de crustac\u00e9s et de v\u00e9g\u00e9taux, et accepte une alimentation vari\u00e9e en aquarium. Il pond sur des surfaces planes, et le m\u00e2le assure souvent la protection des \u0153ufs. Color\u00e9 et int\u00e9ressant \u00e0 observer, c\u2019est un excellent ajout pour un aquarium bien am\u00e9nag\u00e9.<\/p>\n","protected":false},"excerpt":{"rendered":"<p>Balzani<\/p>\n","protected":false},"featured_media":2302,"comment_status":"open","ping_status":"closed","template":"","meta":[],"product_brand":[],"product_cat":[82,824],"product_tag":[],"class_list":{"0":"post-2303","1":"product","2":"type-product","3":"status-publish","4":"has-post-thumbnail","6":"product_cat-poissons-invertebres","7":"product_cat-poissons-deau-douce","8":"product_shipping_class-vivants","9":"pa_continent-amerique-du-sud","10":"pa_famille-cichlidae","11":"pa_genre-gymnogeophagus","12":"pa_taille-en-cm-1350","13":"pa_taillemaximale-15cm-2","14":"pa_type-de-poissons-cichlides-americains","16":"first","17":"onbackorder","18":"taxable","19":"shipping-taxable","20":"purchasable","21":"product-type-simple"},"acf":[],"_links":{"self":[{"href":"https:\/\/com-pac.ovh\/preprod2\/wp-json\/wp\/v2\/product\/2303","targetHints":{"allow":["GET"]}}],"collection":[{"href":"https:\/\/com-pac.ovh\/preprod2\/wp-json\/wp\/v2\/product"}],"about":[{"href":"https:\/\/com-pac.ovh\/preprod2\/wp-json\/wp\/v2\/types\/product"}],"replies":[{"embeddable":true,"href":"https:\/\/com-pac.ovh\/preprod2\/wp-json\/wp\/v2\/comments?post=2303"}],"wp:featuredmedia":[{"embeddable":true,"href":"https:\/\/com-pac.ovh\/preprod2\/wp-json\/wp\/v2\/media\/2302"}],"wp:attachment":[{"href":"https:\/\/com-pac.ovh\/preprod2\/wp-json\/wp\/v2\/media?parent=2303"}],"wp:term":[{"taxonomy":"product_brand","embeddable":true,"href":"https:\/\/com-pac.ovh\/preprod2\/wp-json\/wp\/v2\/product_brand?post=2303"},{"taxonomy":"product_cat","embeddable":true,"href":"https:\/\/com-pac.ovh\/preprod2\/wp-json\/wp\/v2\/product_cat?post=2303"},{"taxonomy":"product_tag","embeddable":true,"href":"https:\/\/com-pac.ovh\/preprod2\/wp-json\/wp\/v2\/product_tag?post=2303"}],"curies":[{"name":"wp","href":"https:\/\/api.w.org\/{rel}","templated":true}]}}