
{"id":2373,"date":"2024-03-29T17:31:38","date_gmt":"2024-03-29T16:31:38","guid":{"rendered":"https:\/\/com-pac.ovh\/preprod2\/produit\/acanthopsis-choirorhynchus\/"},"modified":"2025-06-13T10:36:44","modified_gmt":"2025-06-13T08:36:44","slug":"acanthopsis-choirorhynchus","status":"publish","type":"product","link":"https:\/\/com-pac.ovh\/preprod2\/produit\/acanthopsis-choirorhynchus\/","title":{"rendered":"Acanthopsis choirorhynchus"},"content":{"rendered":"<p><strong data-start=\"332\" data-end=\"362\">Acanthopsis choirorhynchos<\/strong> (synonyme de <em data-start=\"376\" data-end=\"399\">Channa choerorhynchus<\/em>) est un poisson d\u2019eau douce tropical originaire d\u2019Asie du Sud-Est. Il est connu pour son corps allong\u00e9, sa t\u00eate massive, et son comportement de pr\u00e9dateur. Son corps est souvent de couleur sombre avec des motifs marbr\u00e9s, et sa bouche est large, adapt\u00e9e pour capturer des proies telles que des poissons ou des crustac\u00e9s. Ce poisson vit dans les zones d\u2019eaux calmes, comme les \u00e9tangs ou les rivi\u00e8res lentes.<\/p>\n","protected":false},"excerpt":{"rendered":"<p>Loche cheval<\/p>\n","protected":false},"featured_media":2371,"comment_status":"open","ping_status":"closed","template":"","meta":[],"product_brand":[],"product_cat":[82,824],"product_tag":[1616],"class_list":{"0":"post-2373","1":"product","2":"type-product","3":"status-publish","4":"has-post-thumbnail","6":"product_cat-poissons-invertebres","7":"product_cat-poissons-deau-douce","8":"product_tag-promo20","9":"product_shipping_class-vivants","10":"pa_continent-asie","11":"pa_famille-cobitidae","12":"pa_genre-acantopsis","13":"pa_gh-3-12-3","14":"pa_origine-asie-du-sud-est","15":"pa_ph-6-0-7-0-3","16":"pa_type-de-poissons-loches","17":"pa_volume-de-laquarium-200-l","19":"first","20":"instock","21":"sale","22":"taxable","23":"shipping-taxable","24":"purchasable","25":"product-type-simple"},"acf":[],"_links":{"self":[{"href":"https:\/\/com-pac.ovh\/preprod2\/wp-json\/wp\/v2\/product\/2373","targetHints":{"allow":["GET"]}}],"collection":[{"href":"https:\/\/com-pac.ovh\/preprod2\/wp-json\/wp\/v2\/product"}],"about":[{"href":"https:\/\/com-pac.ovh\/preprod2\/wp-json\/wp\/v2\/types\/product"}],"replies":[{"embeddable":true,"href":"https:\/\/com-pac.ovh\/preprod2\/wp-json\/wp\/v2\/comments?post=2373"}],"wp:featuredmedia":[{"embeddable":true,"href":"https:\/\/com-pac.ovh\/preprod2\/wp-json\/wp\/v2\/media\/2371"}],"wp:attachment":[{"href":"https:\/\/com-pac.ovh\/preprod2\/wp-json\/wp\/v2\/media?parent=2373"}],"wp:term":[{"taxonomy":"product_brand","embeddable":true,"href":"https:\/\/com-pac.ovh\/preprod2\/wp-json\/wp\/v2\/product_brand?post=2373"},{"taxonomy":"product_cat","embeddable":true,"href":"https:\/\/com-pac.ovh\/preprod2\/wp-json\/wp\/v2\/product_cat?post=2373"},{"taxonomy":"product_tag","embeddable":true,"href":"https:\/\/com-pac.ovh\/preprod2\/wp-json\/wp\/v2\/product_tag?post=2373"}],"curies":[{"name":"wp","href":"https:\/\/api.w.org\/{rel}","templated":true}]}}