
{"id":2379,"date":"2024-03-29T17:42:02","date_gmt":"2024-03-29T16:42:02","guid":{"rendered":"https:\/\/com-pac.ovh\/preprod2\/produit\/caridina-multidentata\/"},"modified":"2025-06-18T14:06:13","modified_gmt":"2025-06-18T12:06:13","slug":"caridina-multidentata","status":"publish","type":"product","link":"https:\/\/com-pac.ovh\/preprod2\/produit\/caridina-multidentata\/","title":{"rendered":"Caridina multidentata"},"content":{"rendered":"<p>Caridina multidentata ou crevette amano est une crevette naine d&#8217;eau douce pr\u00e9sente du japon jusqu&#8217;\u00e0 madagascar. Elle vit en colonie est d\u00e9tritivore et vit dans le fond de l&#8217;aquarium d&#8217;eau douce.<\/p>\n","protected":false},"excerpt":{"rendered":"<p>Crevette Amano<\/p>\n","protected":false},"featured_media":2377,"comment_status":"open","ping_status":"closed","template":"","meta":[],"product_brand":[],"product_cat":[834,82],"product_tag":[],"class_list":{"0":"post-2379","1":"product","2":"type-product","3":"status-publish","4":"has-post-thumbnail","6":"product_cat-invertebres","7":"product_cat-poissons-invertebres","8":"product_shipping_class-vivants","9":"pa_continent-asie","10":"pa_famille-atyidae","11":"pa_genre-caridina","12":"pa_type-de-poissons-crevettes","14":"first","15":"instock","16":"taxable","17":"shipping-taxable","18":"purchasable","19":"product-type-simple"},"acf":[],"_links":{"self":[{"href":"https:\/\/com-pac.ovh\/preprod2\/wp-json\/wp\/v2\/product\/2379","targetHints":{"allow":["GET"]}}],"collection":[{"href":"https:\/\/com-pac.ovh\/preprod2\/wp-json\/wp\/v2\/product"}],"about":[{"href":"https:\/\/com-pac.ovh\/preprod2\/wp-json\/wp\/v2\/types\/product"}],"replies":[{"embeddable":true,"href":"https:\/\/com-pac.ovh\/preprod2\/wp-json\/wp\/v2\/comments?post=2379"}],"wp:featuredmedia":[{"embeddable":true,"href":"https:\/\/com-pac.ovh\/preprod2\/wp-json\/wp\/v2\/media\/2377"}],"wp:attachment":[{"href":"https:\/\/com-pac.ovh\/preprod2\/wp-json\/wp\/v2\/media?parent=2379"}],"wp:term":[{"taxonomy":"product_brand","embeddable":true,"href":"https:\/\/com-pac.ovh\/preprod2\/wp-json\/wp\/v2\/product_brand?post=2379"},{"taxonomy":"product_cat","embeddable":true,"href":"https:\/\/com-pac.ovh\/preprod2\/wp-json\/wp\/v2\/product_cat?post=2379"},{"taxonomy":"product_tag","embeddable":true,"href":"https:\/\/com-pac.ovh\/preprod2\/wp-json\/wp\/v2\/product_tag?post=2379"}],"curies":[{"name":"wp","href":"https:\/\/api.w.org\/{rel}","templated":true}]}}