
{"id":2401,"date":"2024-04-25T14:32:51","date_gmt":"2024-04-25T12:32:51","guid":{"rendered":"https:\/\/com-pac.ovh\/preprod2\/produit\/laetacara-curviceps\/"},"modified":"2025-06-03T10:31:02","modified_gmt":"2025-06-03T08:31:02","slug":"laetacara-curviceps","status":"publish","type":"product","link":"https:\/\/com-pac.ovh\/preprod2\/produit\/laetacara-curviceps\/","title":{"rendered":"Laetacara Curviceps"},"content":{"rendered":"<p>Laetacara Curviceps ou anciennement Aequidens Curviceps ou encore Acara Drapeau est un petit cichlid\u00e9 nain d&#8217;Am\u00e9rique du sud, il est paisible et facile \u00e0 maintenir.\u00a0Il ne d\u00e9racine pas les plantes et occupe le fond de l&#8217;aquarium d&#8217;eau douce.<\/p>\n","protected":false},"excerpt":{"rendered":"<p>Acara Drapeau<\/p>\n","protected":false},"featured_media":2399,"comment_status":"open","ping_status":"closed","template":"","meta":[],"product_brand":[],"product_cat":[82,824],"product_tag":[],"class_list":{"0":"post-2401","1":"product","2":"type-product","3":"status-publish","4":"has-post-thumbnail","6":"product_cat-poissons-invertebres","7":"product_cat-poissons-deau-douce","8":"product_shipping_class-vivants","9":"pa_continent-amerique-du-sud","10":"pa_famille-cichlidae","11":"pa_genre-laetacara","12":"pa_maintenance-moderee","13":"pa_taille-en-cm-1327","14":"pa_taillemaximale-10cm","15":"pa_type-de-poissons-cichlides-nains","16":"pa_volumeminimum-60l","18":"first","19":"instock","20":"taxable","21":"shipping-taxable","22":"purchasable","23":"product-type-simple"},"acf":[],"_links":{"self":[{"href":"https:\/\/com-pac.ovh\/preprod2\/wp-json\/wp\/v2\/product\/2401","targetHints":{"allow":["GET"]}}],"collection":[{"href":"https:\/\/com-pac.ovh\/preprod2\/wp-json\/wp\/v2\/product"}],"about":[{"href":"https:\/\/com-pac.ovh\/preprod2\/wp-json\/wp\/v2\/types\/product"}],"replies":[{"embeddable":true,"href":"https:\/\/com-pac.ovh\/preprod2\/wp-json\/wp\/v2\/comments?post=2401"}],"wp:featuredmedia":[{"embeddable":true,"href":"https:\/\/com-pac.ovh\/preprod2\/wp-json\/wp\/v2\/media\/2399"}],"wp:attachment":[{"href":"https:\/\/com-pac.ovh\/preprod2\/wp-json\/wp\/v2\/media?parent=2401"}],"wp:term":[{"taxonomy":"product_brand","embeddable":true,"href":"https:\/\/com-pac.ovh\/preprod2\/wp-json\/wp\/v2\/product_brand?post=2401"},{"taxonomy":"product_cat","embeddable":true,"href":"https:\/\/com-pac.ovh\/preprod2\/wp-json\/wp\/v2\/product_cat?post=2401"},{"taxonomy":"product_tag","embeddable":true,"href":"https:\/\/com-pac.ovh\/preprod2\/wp-json\/wp\/v2\/product_tag?post=2401"}],"curies":[{"name":"wp","href":"https:\/\/api.w.org\/{rel}","templated":true}]}}