
{"id":2431,"date":"2024-05-20T15:40:06","date_gmt":"2024-05-20T13:40:06","guid":{"rendered":"https:\/\/com-pac.ovh\/preprod2\/produit\/cleithracara-maronii\/"},"modified":"2025-06-18T14:44:30","modified_gmt":"2025-06-18T12:44:30","slug":"cleithracara-maronii","status":"publish","type":"product","link":"https:\/\/com-pac.ovh\/preprod2\/produit\/cleithracara-maronii\/","title":{"rendered":"Cleithracara maronii"},"content":{"rendered":"<p>CLEITHRACARA MARONII ou Maroni est un petit cichlid\u00e9 originaire d&#8217;Am\u00e9rique du sud. Il est territorial surtout en p\u00e9riode de reproduction et occupera le fond de l&#8217;aquarium d&#8217;eau douce.<\/p>\n","protected":false},"excerpt":{"rendered":"<p>Le Maroni<\/p>\n","protected":false},"featured_media":2429,"comment_status":"open","ping_status":"closed","template":"","meta":[],"product_brand":[],"product_cat":[82,824],"product_tag":[],"class_list":{"0":"post-2431","1":"product","2":"type-product","3":"status-publish","4":"has-post-thumbnail","6":"product_cat-poissons-invertebres","7":"product_cat-poissons-deau-douce","8":"product_shipping_class-vivants","9":"pa_continent-amerique-du-sud","10":"pa_famille-cichlidae","11":"pa_genre-cleithracara","12":"pa_gh-3-12-3","13":"pa_ph-5-5-7-5-2","14":"pa_taillemaximale-10cm","15":"pa_type-de-poissons-cichlides-nains","17":"first","18":"instock","19":"taxable","20":"shipping-taxable","21":"purchasable","22":"product-type-simple"},"acf":[],"_links":{"self":[{"href":"https:\/\/com-pac.ovh\/preprod2\/wp-json\/wp\/v2\/product\/2431","targetHints":{"allow":["GET"]}}],"collection":[{"href":"https:\/\/com-pac.ovh\/preprod2\/wp-json\/wp\/v2\/product"}],"about":[{"href":"https:\/\/com-pac.ovh\/preprod2\/wp-json\/wp\/v2\/types\/product"}],"replies":[{"embeddable":true,"href":"https:\/\/com-pac.ovh\/preprod2\/wp-json\/wp\/v2\/comments?post=2431"}],"wp:featuredmedia":[{"embeddable":true,"href":"https:\/\/com-pac.ovh\/preprod2\/wp-json\/wp\/v2\/media\/2429"}],"wp:attachment":[{"href":"https:\/\/com-pac.ovh\/preprod2\/wp-json\/wp\/v2\/media?parent=2431"}],"wp:term":[{"taxonomy":"product_brand","embeddable":true,"href":"https:\/\/com-pac.ovh\/preprod2\/wp-json\/wp\/v2\/product_brand?post=2431"},{"taxonomy":"product_cat","embeddable":true,"href":"https:\/\/com-pac.ovh\/preprod2\/wp-json\/wp\/v2\/product_cat?post=2431"},{"taxonomy":"product_tag","embeddable":true,"href":"https:\/\/com-pac.ovh\/preprod2\/wp-json\/wp\/v2\/product_tag?post=2431"}],"curies":[{"name":"wp","href":"https:\/\/api.w.org\/{rel}","templated":true}]}}