
{"id":2437,"date":"2024-06-12T18:24:51","date_gmt":"2024-06-12T16:24:51","guid":{"rendered":"https:\/\/com-pac.ovh\/preprod2\/produit\/apistogramma-hongsloi\/"},"modified":"2025-06-16T13:43:57","modified_gmt":"2025-06-16T11:43:57","slug":"apistogramma-hongsloi","status":"publish","type":"product","link":"https:\/\/com-pac.ovh\/preprod2\/produit\/apistogramma-hongsloi\/","title":{"rendered":"Apistogramma hongsloi"},"content":{"rendered":"<p>Apistogramma hongsloi est un cichlid\u00e9 nain d&#8217;am\u00e9rique du sud il vit en couple ou en petits groupes, il est territorial surtout en p\u00e9riode de reproduction, il occupera le bas de l&#8217;aquarium d&#8217;eau douce.<\/p>\n","protected":false},"excerpt":{"rendered":"<p>apistogramma hongsloi<\/p>\n","protected":false},"featured_media":2436,"comment_status":"open","ping_status":"closed","template":"","meta":[],"product_brand":[],"product_cat":[82,824],"product_tag":[],"class_list":{"0":"post-2437","1":"product","2":"type-product","3":"status-publish","4":"has-post-thumbnail","6":"product_cat-poissons-invertebres","7":"product_cat-poissons-deau-douce","8":"product_shipping_class-vivants","9":"pa_continent-amerique-du-sud","10":"pa_famille-cichlidae","11":"pa_genre-apistogramma","12":"pa_gh-2-a-10","13":"pa_ph-5-5-7-0-3","14":"pa_taillemaximale-8cm","15":"pa_type-de-poissons-cichlides-nains","17":"first","18":"instock","19":"taxable","20":"shipping-taxable","21":"purchasable","22":"product-type-simple"},"acf":[],"_links":{"self":[{"href":"https:\/\/com-pac.ovh\/preprod2\/wp-json\/wp\/v2\/product\/2437","targetHints":{"allow":["GET"]}}],"collection":[{"href":"https:\/\/com-pac.ovh\/preprod2\/wp-json\/wp\/v2\/product"}],"about":[{"href":"https:\/\/com-pac.ovh\/preprod2\/wp-json\/wp\/v2\/types\/product"}],"replies":[{"embeddable":true,"href":"https:\/\/com-pac.ovh\/preprod2\/wp-json\/wp\/v2\/comments?post=2437"}],"wp:featuredmedia":[{"embeddable":true,"href":"https:\/\/com-pac.ovh\/preprod2\/wp-json\/wp\/v2\/media\/2436"}],"wp:attachment":[{"href":"https:\/\/com-pac.ovh\/preprod2\/wp-json\/wp\/v2\/media?parent=2437"}],"wp:term":[{"taxonomy":"product_brand","embeddable":true,"href":"https:\/\/com-pac.ovh\/preprod2\/wp-json\/wp\/v2\/product_brand?post=2437"},{"taxonomy":"product_cat","embeddable":true,"href":"https:\/\/com-pac.ovh\/preprod2\/wp-json\/wp\/v2\/product_cat?post=2437"},{"taxonomy":"product_tag","embeddable":true,"href":"https:\/\/com-pac.ovh\/preprod2\/wp-json\/wp\/v2\/product_tag?post=2437"}],"curies":[{"name":"wp","href":"https:\/\/api.w.org\/{rel}","templated":true}]}}