
{"id":2457,"date":"2024-06-13T09:07:34","date_gmt":"2024-06-13T07:07:34","guid":{"rendered":"https:\/\/com-pac.ovh\/preprod2\/produit\/filter-medium-easy-life-250-ml\/"},"modified":"2025-06-06T11:44:58","modified_gmt":"2025-06-06T09:44:58","slug":"filter-medium-easy-life-250-ml","status":"publish","type":"product","link":"https:\/\/com-pac.ovh\/preprod2\/produit\/filter-medium-easy-life-250-ml\/","title":{"rendered":"Filter medium easy life"},"content":{"rendered":"<p>Le meilleur conditionneur d\u2019eau sans produits chimiques<\/p>\n<p>Easy-Life Filter Medium est le conditionneur d\u2019eau le plus polyvalent du march\u00e9. Il permet de rendre l\u2019eau cristalline. Il est utilis\u00e9 en tant que conditionneur d\u2019eau, produit d\u2019entretien, stimulateur (entre autres de la croissance des plantes), produit prophylactique (pr\u00e9vention des infections). Il permet aussi de r\u00e9soudre efficacement toute une s\u00e9rie de probl\u00e8mes, tant dans l\u2019eau douce que l\u2019eau de mer. De plus, il est 100% naturel et tr\u00e8s s\u00fbr \u00e0 l\u2019usage.<\/p>\n","protected":false},"excerpt":{"rendered":"<p>Easy-Life Filter Medium est le conditionneur d\u2019eau le plus polyvalent du march\u00e9. Il permet de rendre l\u2019eau cristalline. Il est utilis\u00e9 en tant que conditionneur d\u2019eau, produit d\u2019entretien, stimulateur (entre autres de la croissance des plantes), produit prophylactique (pr\u00e9vention des infections). Il permet aussi de r\u00e9soudre efficacement toute une s\u00e9rie de probl\u00e8mes, tant dans l\u2019eau douce que l\u2019eau de mer. De plus, il est 100% naturel et tr\u00e8s s\u00fbr \u00e0 l\u2019usage, sans produits chimiques<\/p>\n","protected":false},"featured_media":2456,"comment_status":"open","ping_status":"closed","template":"","meta":[],"product_brand":[1596,1594],"product_cat":[37,84,25],"product_tag":[],"class_list":{"0":"post-2457","1":"product","2":"type-product","3":"status-publish","4":"has-post-thumbnail","6":"product_brand-easy-life","7":"product_brand-jbl","8":"product_cat-additifs","9":"product_cat-materiel-nourriture","10":"product_cat-traitements-de-leau","11":"product_shipping_class-materiel-nourriture","12":"pa_contenance-250ml","14":"first","15":"instock","16":"taxable","17":"shipping-taxable","18":"purchasable","19":"product-type-simple"},"acf":[],"_links":{"self":[{"href":"https:\/\/com-pac.ovh\/preprod2\/wp-json\/wp\/v2\/product\/2457","targetHints":{"allow":["GET"]}}],"collection":[{"href":"https:\/\/com-pac.ovh\/preprod2\/wp-json\/wp\/v2\/product"}],"about":[{"href":"https:\/\/com-pac.ovh\/preprod2\/wp-json\/wp\/v2\/types\/product"}],"replies":[{"embeddable":true,"href":"https:\/\/com-pac.ovh\/preprod2\/wp-json\/wp\/v2\/comments?post=2457"}],"wp:featuredmedia":[{"embeddable":true,"href":"https:\/\/com-pac.ovh\/preprod2\/wp-json\/wp\/v2\/media\/2456"}],"wp:attachment":[{"href":"https:\/\/com-pac.ovh\/preprod2\/wp-json\/wp\/v2\/media?parent=2457"}],"wp:term":[{"taxonomy":"product_brand","embeddable":true,"href":"https:\/\/com-pac.ovh\/preprod2\/wp-json\/wp\/v2\/product_brand?post=2457"},{"taxonomy":"product_cat","embeddable":true,"href":"https:\/\/com-pac.ovh\/preprod2\/wp-json\/wp\/v2\/product_cat?post=2457"},{"taxonomy":"product_tag","embeddable":true,"href":"https:\/\/com-pac.ovh\/preprod2\/wp-json\/wp\/v2\/product_tag?post=2457"}],"curies":[{"name":"wp","href":"https:\/\/api.w.org\/{rel}","templated":true}]}}