
{"id":2461,"date":"2024-06-13T09:25:20","date_gmt":"2024-06-13T07:25:20","guid":{"rendered":"https:\/\/com-pac.ovh\/preprod2\/produit\/ph-plus-100ml\/"},"modified":"2025-06-06T10:30:04","modified_gmt":"2025-06-06T08:30:04","slug":"ph-plus-100ml","status":"publish","type":"product","link":"https:\/\/com-pac.ovh\/preprod2\/produit\/ph-plus-100ml\/","title":{"rendered":"Ph Plus 100ml"},"content":{"rendered":"<p>Pour adapter le pH et la duret\u00e9 carbonat\u00e9e aux exigences des poissons et des invert\u00e9br\u00e9s dans les aquariums d&#8217;eau douce et d&#8217;eau de mer.<br \/>\nAugmentation rapide du pH et stabilisation par augmentation de la duret\u00e9 carbonat\u00e9e<br \/>\nUtilisation en eau douce : r\u00e9p\u00e9t\u00e9e \u00e0 volont\u00e9 pour augmenter la duret\u00e9 carbonat\u00e9e au niveau d\u00e9sir\u00e9 en cas d&#8217;eau trop douce. Hausse maximum du pH \u00e0 8,5.<br \/>\nUtilisation en eau de mer : r\u00e9glage de la duret\u00e9 carbonat\u00e9e \u00e0 la valeur naturelle en mer de 7-12 \u00b0dkH et donc r\u00e9glage du pH n\u00e9cessaire de 8,0-8,4.<br \/>\nCompris dans la livraison : 1 flacon d&#8217;\u00e9l\u00e9vateur de pH\/KH. Utilisation : 10 ml pour 40 l d\u2019eau. Donne une augmentation d\u2019environ 1\u00b0 dKH et un pH stable.<\/p>\n","protected":false},"excerpt":{"rendered":"<p>JBL pH-Plus<br \/>\nConditionneur d&#8217;eau pour augmenter le pH et les valeurs de KH dans les aquariums d\u2019eau douce et d\u2019eau de mer<\/p>\n","protected":false},"featured_media":2460,"comment_status":"open","ping_status":"closed","template":"","meta":[],"product_brand":[1594],"product_cat":[37,84,25],"product_tag":[],"class_list":{"0":"post-2461","1":"product","2":"type-product","3":"status-publish","4":"has-post-thumbnail","6":"product_brand-jbl","7":"product_cat-additifs","8":"product_cat-materiel-nourriture","9":"product_cat-traitements-de-leau","10":"product_shipping_class-materiel-nourriture","11":"pa_contenance-100ml","12":"pa_type-de-poissons-toutes-especes","14":"first","15":"instock","16":"taxable","17":"shipping-taxable","18":"purchasable","19":"product-type-simple"},"acf":[],"_links":{"self":[{"href":"https:\/\/com-pac.ovh\/preprod2\/wp-json\/wp\/v2\/product\/2461","targetHints":{"allow":["GET"]}}],"collection":[{"href":"https:\/\/com-pac.ovh\/preprod2\/wp-json\/wp\/v2\/product"}],"about":[{"href":"https:\/\/com-pac.ovh\/preprod2\/wp-json\/wp\/v2\/types\/product"}],"replies":[{"embeddable":true,"href":"https:\/\/com-pac.ovh\/preprod2\/wp-json\/wp\/v2\/comments?post=2461"}],"wp:featuredmedia":[{"embeddable":true,"href":"https:\/\/com-pac.ovh\/preprod2\/wp-json\/wp\/v2\/media\/2460"}],"wp:attachment":[{"href":"https:\/\/com-pac.ovh\/preprod2\/wp-json\/wp\/v2\/media?parent=2461"}],"wp:term":[{"taxonomy":"product_brand","embeddable":true,"href":"https:\/\/com-pac.ovh\/preprod2\/wp-json\/wp\/v2\/product_brand?post=2461"},{"taxonomy":"product_cat","embeddable":true,"href":"https:\/\/com-pac.ovh\/preprod2\/wp-json\/wp\/v2\/product_cat?post=2461"},{"taxonomy":"product_tag","embeddable":true,"href":"https:\/\/com-pac.ovh\/preprod2\/wp-json\/wp\/v2\/product_tag?post=2461"}],"curies":[{"name":"wp","href":"https:\/\/api.w.org\/{rel}","templated":true}]}}