
{"id":2478,"date":"2024-06-13T11:16:58","date_gmt":"2024-06-13T09:16:58","guid":{"rendered":"https:\/\/com-pac.ovh\/preprod2\/produit\/jbl-pro-aquatest-kh-refill\/"},"modified":"2025-06-06T10:09:41","modified_gmt":"2025-06-06T08:09:41","slug":"jbl-pro-aquatest-kh-refill","status":"publish","type":"product","link":"https:\/\/com-pac.ovh\/preprod2\/produit\/jbl-pro-aquatest-kh-refill\/","title":{"rendered":"JBL pro aquatest KH Refill"},"content":{"rendered":"<p>Contr\u00f4le simple et s\u00fbr des param\u00e8tres d&#8217;eau dans les aquariums et les bassins. D\u00e9termination de la duret\u00e9 carbonat\u00e9e optimale pour l&#8217;eau douce et l&#8217;eau de mer.<br \/>\nTest couleur : remplir l&#8217;\u00e9prouvette en plastique d&#8217;eau \u00e0 tester, ajouter du r\u00e9actif au goutte \u00e0 goutte jusqu&#8217;au passage de la couleur du bleu au jaune. Nombre de gouttes = niveau de duret\u00e9 carbonat\u00e9e.<br \/>\nUtilisation : en cas de nouvelle mise en eau : 1 fois par jour la premi\u00e8re semaine, puis 1 fois par semaine.<br \/>\nSur le site JBL\/Th\u00e8mes\/Aquarium ou Bassin, vous trouverez des infos d\u00e9taill\u00e9es sur les analyses d&#8217;eau et les d\u00e9pannages<br \/>\nContenu : 1 Test rapide KH, 1 r\u00e9actif, \u00e9prouvette plastique. Recharges de r\u00e9actif disponible s\u00e9par\u00e9ment.<\/p>\n","protected":false},"excerpt":{"rendered":"<p>JBL PROAQUATEST KH Duret\u00e9 carbonat\u00e9e<br \/>\nTest rapide pour d\u00e9terminer la duret\u00e9 carbonat\u00e9e (KH) dans les aquariums d&#8217;eau douce et les bassins<\/p>\n","protected":false},"featured_media":2476,"comment_status":"open","ping_status":"closed","template":"","meta":[],"product_brand":[1594],"product_cat":[84,25],"product_tag":[],"class_list":{"0":"post-2478","1":"product","2":"type-product","3":"status-publish","4":"has-post-thumbnail","6":"product_brand-jbl","7":"product_cat-materiel-nourriture","8":"product_cat-traitements-de-leau","9":"product_shipping_class-materiel-nourriture","11":"first","12":"instock","13":"taxable","14":"shipping-taxable","15":"purchasable","16":"product-type-simple"},"acf":[],"_links":{"self":[{"href":"https:\/\/com-pac.ovh\/preprod2\/wp-json\/wp\/v2\/product\/2478","targetHints":{"allow":["GET"]}}],"collection":[{"href":"https:\/\/com-pac.ovh\/preprod2\/wp-json\/wp\/v2\/product"}],"about":[{"href":"https:\/\/com-pac.ovh\/preprod2\/wp-json\/wp\/v2\/types\/product"}],"replies":[{"embeddable":true,"href":"https:\/\/com-pac.ovh\/preprod2\/wp-json\/wp\/v2\/comments?post=2478"}],"wp:featuredmedia":[{"embeddable":true,"href":"https:\/\/com-pac.ovh\/preprod2\/wp-json\/wp\/v2\/media\/2476"}],"wp:attachment":[{"href":"https:\/\/com-pac.ovh\/preprod2\/wp-json\/wp\/v2\/media?parent=2478"}],"wp:term":[{"taxonomy":"product_brand","embeddable":true,"href":"https:\/\/com-pac.ovh\/preprod2\/wp-json\/wp\/v2\/product_brand?post=2478"},{"taxonomy":"product_cat","embeddable":true,"href":"https:\/\/com-pac.ovh\/preprod2\/wp-json\/wp\/v2\/product_cat?post=2478"},{"taxonomy":"product_tag","embeddable":true,"href":"https:\/\/com-pac.ovh\/preprod2\/wp-json\/wp\/v2\/product_tag?post=2478"}],"curies":[{"name":"wp","href":"https:\/\/api.w.org\/{rel}","templated":true}]}}