
{"id":2481,"date":"2024-06-13T11:22:03","date_gmt":"2024-06-13T09:22:03","guid":{"rendered":"https:\/\/com-pac.ovh\/preprod2\/produit\/jbl-pro-aquatest-no3-nitrate\/"},"modified":"2025-06-06T10:08:20","modified_gmt":"2025-06-06T08:08:20","slug":"jbl-pro-aquatest-no3-nitrate","status":"publish","type":"product","link":"https:\/\/com-pac.ovh\/preprod2\/produit\/jbl-pro-aquatest-no3-nitrate\/","title":{"rendered":"JBL pro aquatest NO3 Nitrate"},"content":{"rendered":"<p>D\u00e9terminer le taux de nitrite pour la croissance optimale des plantes ou l&#8217;origine des algues en eau douce et eau de mer<br \/>\nSyst\u00e8me comparatif de laboratoire pour compenser la coloration propre de l&#8217;eau : remplir les \u00e9prouvettes d&#8217;eau \u00e0 tester, ajouter les r\u00e9actifs dans une \u00e9prouvette, d\u00e9poser les \u00e9prouvettes dans le bloc-support, relever les valeurs sur le nuancier.<br \/>\nUtilisation : nouveau bac d&#8217;eau douce : 1 fois par semaine. Nouveau bac d&#8217;eau de mer : 1 fois par semaine. Et en cas de probl\u00e8mes d&#8217;algues vertes.<br \/>\nSur le site JBL\/Th\u00e8mes\/Aquarium ou Bassin, vous trouverez des infos d\u00e9taill\u00e9es sur les analyses d&#8217;eau et les d\u00e9pannages<br \/>\nCompris dans la livraison : 1 Test Nitrates pour env. 40 mesures, 2 r\u00e9actifs, 2 \u00e9prouvettes en verre \u00e0 bouchon viss\u00e9, seringue, mesurette, comparateur et nuancier. Recharges de r\u00e9actifs disponibles s\u00e9par\u00e9ment.<\/p>\n","protected":false},"excerpt":{"rendered":"<p>JBL PROAQUATEST NO3 Nitrate<br \/>\nTest rapide pour d\u00e9terminer le taux de nitrates dans les aquariums d&#8217;eau douce et d&#8217;eau de mer et dans les bassins<\/p>\n","protected":false},"featured_media":2479,"comment_status":"open","ping_status":"closed","template":"","meta":[],"product_brand":[1594],"product_cat":[84,25],"product_tag":[],"class_list":{"0":"post-2481","1":"product","2":"type-product","3":"status-publish","4":"has-post-thumbnail","6":"product_brand-jbl","7":"product_cat-materiel-nourriture","8":"product_cat-traitements-de-leau","9":"product_shipping_class-materiel-nourriture","11":"first","12":"instock","13":"taxable","14":"shipping-taxable","15":"purchasable","16":"product-type-simple"},"acf":[],"_links":{"self":[{"href":"https:\/\/com-pac.ovh\/preprod2\/wp-json\/wp\/v2\/product\/2481","targetHints":{"allow":["GET"]}}],"collection":[{"href":"https:\/\/com-pac.ovh\/preprod2\/wp-json\/wp\/v2\/product"}],"about":[{"href":"https:\/\/com-pac.ovh\/preprod2\/wp-json\/wp\/v2\/types\/product"}],"replies":[{"embeddable":true,"href":"https:\/\/com-pac.ovh\/preprod2\/wp-json\/wp\/v2\/comments?post=2481"}],"wp:featuredmedia":[{"embeddable":true,"href":"https:\/\/com-pac.ovh\/preprod2\/wp-json\/wp\/v2\/media\/2479"}],"wp:attachment":[{"href":"https:\/\/com-pac.ovh\/preprod2\/wp-json\/wp\/v2\/media?parent=2481"}],"wp:term":[{"taxonomy":"product_brand","embeddable":true,"href":"https:\/\/com-pac.ovh\/preprod2\/wp-json\/wp\/v2\/product_brand?post=2481"},{"taxonomy":"product_cat","embeddable":true,"href":"https:\/\/com-pac.ovh\/preprod2\/wp-json\/wp\/v2\/product_cat?post=2481"},{"taxonomy":"product_tag","embeddable":true,"href":"https:\/\/com-pac.ovh\/preprod2\/wp-json\/wp\/v2\/product_tag?post=2481"}],"curies":[{"name":"wp","href":"https:\/\/api.w.org\/{rel}","templated":true}]}}