
{"id":2487,"date":"2024-06-13T11:39:47","date_gmt":"2024-06-13T09:39:47","guid":{"rendered":"https:\/\/com-pac.ovh\/preprod2\/produit\/jbl-pro-aquatest-ph-3-10\/"},"modified":"2025-06-06T10:04:48","modified_gmt":"2025-06-06T08:04:48","slug":"jbl-pro-aquatest-ph-3-10","status":"publish","type":"product","link":"https:\/\/com-pac.ovh\/preprod2\/produit\/jbl-pro-aquatest-ph-3-10\/","title":{"rendered":"JBL pro aquatest ph 3-10"},"content":{"rendered":"<p>Contr\u00f4le simple et s\u00fbr des param\u00e8tres d&#8217;eau des bassins et des aquariums. D\u00e9termination du pH optimal pour l&#8217;eau douce et l&#8217;eau de mer.<br \/>\nTest rapide : remplir l&#8217;\u00e9prouvette en plastique d&#8217;eau \u00e0 tester, ajouter du r\u00e9actif, lire la valeur de l&#8217;\u00e9chantillon sur le nuancier.<br \/>\nUtilisation : pour une nouvelle mise en eau : 1 fois par jour pendant la premi\u00e8re semaine, ensuite 1 fois par semaine.<br \/>\nSur le site JBL\/Th\u00e8mes\/Aquarium ou Bassin, vous trouverez des infos d\u00e9taill\u00e9es sur les analyses d&#8217;eau et les d\u00e9pannages<br \/>\nContenu : 1 kit complet avec un r\u00e9actif pH 3,0-10,0, 1 \u00e9prouvette et 1 nuancier. Contenu pour env. 50 mesures.<\/p>\n","protected":false},"excerpt":{"rendered":"<p>JBL PROAQUATEST pH 3.10-10.0<br \/>\nTest rapide pour d\u00e9terminer l&#8217;acidit\u00e9 dans les bassins et dans les aquariums d&#8217;eau douce et d&#8217;eau de mer<\/p>\n","protected":false},"featured_media":2485,"comment_status":"open","ping_status":"closed","template":"","meta":[],"product_brand":[1594],"product_cat":[84,25],"product_tag":[],"class_list":{"0":"post-2487","1":"product","2":"type-product","3":"status-publish","4":"has-post-thumbnail","6":"product_brand-jbl","7":"product_cat-materiel-nourriture","8":"product_cat-traitements-de-leau","9":"product_shipping_class-materiel-nourriture","11":"first","12":"instock","13":"taxable","14":"shipping-taxable","15":"purchasable","16":"product-type-simple"},"acf":[],"_links":{"self":[{"href":"https:\/\/com-pac.ovh\/preprod2\/wp-json\/wp\/v2\/product\/2487","targetHints":{"allow":["GET"]}}],"collection":[{"href":"https:\/\/com-pac.ovh\/preprod2\/wp-json\/wp\/v2\/product"}],"about":[{"href":"https:\/\/com-pac.ovh\/preprod2\/wp-json\/wp\/v2\/types\/product"}],"replies":[{"embeddable":true,"href":"https:\/\/com-pac.ovh\/preprod2\/wp-json\/wp\/v2\/comments?post=2487"}],"wp:featuredmedia":[{"embeddable":true,"href":"https:\/\/com-pac.ovh\/preprod2\/wp-json\/wp\/v2\/media\/2485"}],"wp:attachment":[{"href":"https:\/\/com-pac.ovh\/preprod2\/wp-json\/wp\/v2\/media?parent=2487"}],"wp:term":[{"taxonomy":"product_brand","embeddable":true,"href":"https:\/\/com-pac.ovh\/preprod2\/wp-json\/wp\/v2\/product_brand?post=2487"},{"taxonomy":"product_cat","embeddable":true,"href":"https:\/\/com-pac.ovh\/preprod2\/wp-json\/wp\/v2\/product_cat?post=2487"},{"taxonomy":"product_tag","embeddable":true,"href":"https:\/\/com-pac.ovh\/preprod2\/wp-json\/wp\/v2\/product_tag?post=2487"}],"curies":[{"name":"wp","href":"https:\/\/api.w.org\/{rel}","templated":true}]}}