
{"id":301,"date":"2024-04-26T09:53:39","date_gmt":"2024-04-26T07:53:39","guid":{"rendered":"https:\/\/com-pac.ovh\/preprod2\/?post_type=product&#038;p=301"},"modified":"2025-06-06T11:21:02","modified_gmt":"2025-06-06T09:21:02","slug":"filtres-exterieurs-jbl-cristal-profi","status":"publish","type":"product","link":"https:\/\/com-pac.ovh\/preprod2\/produit\/filtres-exterieurs-jbl-cristal-profi\/","title":{"rendered":"Filtres ext\u00e9rieurs JBL CRISTAL PROFI"},"content":{"rendered":"<p>Filtre ext\u00e9rieur pour une eau saine<br \/>\nSyst\u00e8me brevet\u00e9\u00a0: filtration biologique<br \/>\nLe remplacement r\u00e9gulier du pr\u00e9filtre permet d&#8217;\u00e9viter le nettoyage fr\u00e9quent du reste du filtre.<br \/>\nLe JBL CristalProfi est contr\u00f4l\u00e9 T\u00dcV.<br \/>\nEnti\u00e8rement \u00e9quip\u00e9 et pr\u00eat \u00e0 l&#8217;emploi\u00a0: dispositif int\u00e9gr\u00e9 d&#8217;amor\u00e7age rapide, d\u00e9marrage du filtre sans aspiration d&#8217;eau<\/p>\n","protected":false},"excerpt":{"rendered":"<div>Filtre ext\u00e9rieur pour aquariums de 100 \u00e0 800 litres<\/div>\n<div>Pour eau douce, eau de mer, tortues d&#8217;eau et crevettes<\/div>\n","protected":false},"featured_media":302,"comment_status":"open","ping_status":"closed","template":"","meta":[],"product_brand":[1594],"product_cat":[28,84],"product_tag":[],"class_list":{"0":"post-301","1":"product","2":"type-product","3":"status-publish","4":"has-post-thumbnail","6":"product_brand-jbl","7":"product_cat-filtration","8":"product_cat-materiel-nourriture","9":"product_shipping_class-materiel-nourriture","10":"pa_debit-du-filtre-1400-l-h","11":"pa_debit-du-filtre-1900l-h","12":"pa_debit-du-filtre-450l-h","13":"pa_debit-du-filtre-700-l-h","14":"pa_debit-du-filtre-900l-h","15":"pa_type-de-filtre-filtre-externe","17":"first","18":"instock","19":"taxable","20":"shipping-taxable","21":"purchasable","22":"product-type-variable"},"acf":[],"_links":{"self":[{"href":"https:\/\/com-pac.ovh\/preprod2\/wp-json\/wp\/v2\/product\/301","targetHints":{"allow":["GET"]}}],"collection":[{"href":"https:\/\/com-pac.ovh\/preprod2\/wp-json\/wp\/v2\/product"}],"about":[{"href":"https:\/\/com-pac.ovh\/preprod2\/wp-json\/wp\/v2\/types\/product"}],"replies":[{"embeddable":true,"href":"https:\/\/com-pac.ovh\/preprod2\/wp-json\/wp\/v2\/comments?post=301"}],"wp:featuredmedia":[{"embeddable":true,"href":"https:\/\/com-pac.ovh\/preprod2\/wp-json\/wp\/v2\/media\/302"}],"wp:attachment":[{"href":"https:\/\/com-pac.ovh\/preprod2\/wp-json\/wp\/v2\/media?parent=301"}],"wp:term":[{"taxonomy":"product_brand","embeddable":true,"href":"https:\/\/com-pac.ovh\/preprod2\/wp-json\/wp\/v2\/product_brand?post=301"},{"taxonomy":"product_cat","embeddable":true,"href":"https:\/\/com-pac.ovh\/preprod2\/wp-json\/wp\/v2\/product_cat?post=301"},{"taxonomy":"product_tag","embeddable":true,"href":"https:\/\/com-pac.ovh\/preprod2\/wp-json\/wp\/v2\/product_tag?post=301"}],"curies":[{"name":"wp","href":"https:\/\/api.w.org\/{rel}","templated":true}]}}