
{"id":304,"date":"2024-04-26T09:53:50","date_gmt":"2024-04-26T07:53:50","guid":{"rendered":"https:\/\/com-pac.ovh\/preprod2\/?post_type=product&#038;p=304"},"modified":"2025-05-27T10:21:49","modified_gmt":"2025-05-27T08:21:49","slug":"thorichtys-ellioti","status":"publish","type":"product","link":"https:\/\/com-pac.ovh\/preprod2\/produit\/thorichtys-ellioti\/","title":{"rendered":"Thorichtys Ellioti"},"content":{"rendered":"<p>Le Andinoacara Pulcher Blue Neon, surnomm\u00e9 &#8220;Blue Neon&#8221;, est un poisson d&#8217;eau douce d&#8217;Am\u00e9rique centrale. Avec son corps bleu \u00e9lectrique rehauss\u00e9 de touches argent\u00e9es et rouges, il captive par sa beaut\u00e9.<\/p>\n<p>Calme mais territorial, il n\u00e9cessite un aquarium spacieux avec des cachettes. Ce cichlid\u00e9 s&#8217;adapte bien \u00e0 une alimentation vari\u00e9e et \u00e0 des conditions d&#8217;eau chaudes et l\u00e9g\u00e8rement acides.<\/p>\n<p>Son comportement paisible en fait un compagnon id\u00e9al pour d&#8217;autres poissons de taille similaire.<\/p>\n<p>Le Blue Neon apporte une touche de couleur \u00e9blouissante \u00e0 tout aquarium, tout en offrant une exp\u00e9rience aquatique fascinante.<\/p>\n","protected":false},"excerpt":{"rendered":"<p>Nomm\u00e9 couramment Acara bleu , ce poisson est tr\u00e8s facile \u00e0 maintenir , peu d&#8217;agressivit\u00e9 , la vari\u00e9t\u00e9 blue neon est d&#8217;un bleu iris\u00e9 magnifique en fonction des reflets li\u00e9s \u00e0 l&#8217;\u00e9clairage.<\/p>\n","protected":false},"featured_media":303,"comment_status":"open","ping_status":"closed","template":"","meta":[],"product_brand":[],"product_cat":[82,824],"product_tag":[],"class_list":{"0":"post-304","1":"product","2":"type-product","3":"status-publish","4":"has-post-thumbnail","6":"product_cat-poissons-invertebres","7":"product_cat-poissons-deau-douce","8":"product_shipping_class-vivants","9":"pa_taille-en-cm-1332","10":"pa_taille-en-cm-1334","11":"pa_type-de-poissons-mangeurs-dalgues","12":"pa_volumeminimum-20-litres","14":"first","15":"instock","16":"sale","17":"taxable","18":"shipping-taxable","19":"purchasable","20":"product-type-variable"},"acf":[],"_links":{"self":[{"href":"https:\/\/com-pac.ovh\/preprod2\/wp-json\/wp\/v2\/product\/304","targetHints":{"allow":["GET"]}}],"collection":[{"href":"https:\/\/com-pac.ovh\/preprod2\/wp-json\/wp\/v2\/product"}],"about":[{"href":"https:\/\/com-pac.ovh\/preprod2\/wp-json\/wp\/v2\/types\/product"}],"replies":[{"embeddable":true,"href":"https:\/\/com-pac.ovh\/preprod2\/wp-json\/wp\/v2\/comments?post=304"}],"wp:featuredmedia":[{"embeddable":true,"href":"https:\/\/com-pac.ovh\/preprod2\/wp-json\/wp\/v2\/media\/303"}],"wp:attachment":[{"href":"https:\/\/com-pac.ovh\/preprod2\/wp-json\/wp\/v2\/media?parent=304"}],"wp:term":[{"taxonomy":"product_brand","embeddable":true,"href":"https:\/\/com-pac.ovh\/preprod2\/wp-json\/wp\/v2\/product_brand?post=304"},{"taxonomy":"product_cat","embeddable":true,"href":"https:\/\/com-pac.ovh\/preprod2\/wp-json\/wp\/v2\/product_cat?post=304"},{"taxonomy":"product_tag","embeddable":true,"href":"https:\/\/com-pac.ovh\/preprod2\/wp-json\/wp\/v2\/product_tag?post=304"}],"curies":[{"name":"wp","href":"https:\/\/api.w.org\/{rel}","templated":true}]}}