
{"id":4001,"date":"2024-08-28T14:31:47","date_gmt":"2024-08-28T12:31:47","guid":{"rendered":"https:\/\/com-pac.ovh\/preprod2\/produit\/poecilia-reticulata-selection-kohaku\/"},"modified":"2025-06-04T10:50:14","modified_gmt":"2025-06-04T08:50:14","slug":"poecilia-reticulata-selection-kohaku","status":"publish","type":"product","link":"https:\/\/com-pac.ovh\/preprod2\/produit\/poecilia-reticulata-selection-kohaku\/","title":{"rendered":"Poecilia Reticulata S\u00e9lection KOHAKU"},"content":{"rendered":"<p>Le <strong data-start=\"175\" data-end=\"198\">Poecilia reticulata<\/strong>, plus connu sous le nom de <strong data-start=\"226\" data-end=\"235\">guppy<\/strong>, est un <strong data-start=\"244\" data-end=\"276\">poisson d\u2019eau douce vivipare<\/strong> originaire d\u2019<strong data-start=\"290\" data-end=\"321\">Am\u00e9rique du Sud et centrale<\/strong>, mais la <strong data-start=\"331\" data-end=\"351\">s\u00e9lection Kohaku<\/strong> est issue de l\u2019\u00e9levage. Elle se distingue par une <strong data-start=\"402\" data-end=\"425\">robe blanche nacr\u00e9e<\/strong> avec des <strong data-start=\"435\" data-end=\"455\">taches rouge vif<\/strong> rappelant la carpe koi du m\u00eame nom. Tr\u00e8s <strong data-start=\"497\" data-end=\"508\">robuste<\/strong>, <strong data-start=\"510\" data-end=\"519\">actif<\/strong> et <strong data-start=\"523\" data-end=\"535\">paisible<\/strong>, le guppy est l\u2019un des poissons les plus populaires en aquariophilie. Les m\u00e2les sont petits, tr\u00e8s color\u00e9s, tandis que les femelles sont plus grandes et plus sobres.<\/p>\n","protected":false},"excerpt":{"rendered":"<p>Guppy sp\u00e9cialement s\u00e9lectionn\u00e9, Blanc et orange. Il est robuste et peu disponible. Pour les amateurs de Guppy rares.<\/p>\n","protected":false},"featured_media":3999,"comment_status":"open","ping_status":"closed","template":"","meta":[],"product_brand":[],"product_cat":[82,824],"product_tag":[],"class_list":{"0":"post-4001","1":"product","2":"type-product","3":"status-publish","4":"has-post-thumbnail","6":"product_cat-poissons-invertebres","7":"product_cat-poissons-deau-douce","8":"pa_continent-amerique-du-sud","9":"pa_famille-poeciliidae","10":"pa_genre-poecilia","11":"pa_gh-10-a-15","12":"pa_maintenance-facile","13":"pa_ph-6-5-8-5-2","14":"pa_taille-en-cm-1337","15":"pa_taillemaximale-6cm","16":"pa_type-de-poissons-guppys","17":"pa_volumeminimum-60l","19":"first","20":"instock","21":"taxable","22":"shipping-taxable","23":"purchasable","24":"product-type-simple"},"acf":[],"_links":{"self":[{"href":"https:\/\/com-pac.ovh\/preprod2\/wp-json\/wp\/v2\/product\/4001","targetHints":{"allow":["GET"]}}],"collection":[{"href":"https:\/\/com-pac.ovh\/preprod2\/wp-json\/wp\/v2\/product"}],"about":[{"href":"https:\/\/com-pac.ovh\/preprod2\/wp-json\/wp\/v2\/types\/product"}],"replies":[{"embeddable":true,"href":"https:\/\/com-pac.ovh\/preprod2\/wp-json\/wp\/v2\/comments?post=4001"}],"wp:featuredmedia":[{"embeddable":true,"href":"https:\/\/com-pac.ovh\/preprod2\/wp-json\/wp\/v2\/media\/3999"}],"wp:attachment":[{"href":"https:\/\/com-pac.ovh\/preprod2\/wp-json\/wp\/v2\/media?parent=4001"}],"wp:term":[{"taxonomy":"product_brand","embeddable":true,"href":"https:\/\/com-pac.ovh\/preprod2\/wp-json\/wp\/v2\/product_brand?post=4001"},{"taxonomy":"product_cat","embeddable":true,"href":"https:\/\/com-pac.ovh\/preprod2\/wp-json\/wp\/v2\/product_cat?post=4001"},{"taxonomy":"product_tag","embeddable":true,"href":"https:\/\/com-pac.ovh\/preprod2\/wp-json\/wp\/v2\/product_tag?post=4001"}],"curies":[{"name":"wp","href":"https:\/\/api.w.org\/{rel}","templated":true}]}}