
{"id":4021,"date":"2024-11-15T08:40:53","date_gmt":"2024-11-15T07:40:53","guid":{"rendered":"https:\/\/com-pac.ovh\/preprod2\/produit\/tropol\/"},"modified":"2025-06-06T09:46:53","modified_gmt":"2025-06-06T07:46:53","slug":"tropol","status":"publish","type":"product","link":"https:\/\/com-pac.ovh\/preprod2\/produit\/tropol\/","title":{"rendered":"Tropol"},"content":{"rendered":"<p>Pour une eau d&#8217;aquarium adapt\u00e9e aux poissons et aux plantes : pour l&#8217;entretien des aquariums d&#8217;eau douce et des crevettes, en cas de nouvelle mise en eau ou de changement d&#8217;eau.<br \/>\nRend l&#8217;eau claire et limpide. Agit en filtre de la lumi\u00e8re et prive les algues d&#8217;une part des rayons lumineux indispensables \u00e0 leur survie. Comparable \u00e0 des lunettes de soleil.<br \/>\nEau saine, poissons en bonne sant\u00e9 : contribue \u00e0 la bonne sant\u00e9 des poissons gr\u00e2ce \u00e0 des substances humiques de tourbe et des tanins d&#8217;\u00e9corce de ch\u00eane.<br \/>\nFacilite l&#8217;acclimatation de tous les poissons des eaux noires<br \/>\nCompris dans la livraison : 1 flacon de Tropol. Utilisation : 10 ml pour 40 l d&#8217;eau. Exemple aquarium de 60 l : 15 ml \u00e0 l&#8217;installation, 5 ml pour renouvellement d&#8217;un tiers de l&#8217;eau toutes les 2 \u00e0 3 semaine<\/p>\n","protected":false},"excerpt":{"rendered":"<p>JBL Tropol<br \/>\nConditionneur d&#8217;eau tropicale en aquarium d&#8217;eau douce<\/p>\n","protected":false},"featured_media":4020,"comment_status":"open","ping_status":"closed","template":"","meta":[],"product_brand":[],"product_cat":[37,84,25],"product_tag":[],"class_list":{"0":"post-4021","1":"product","2":"type-product","3":"status-publish","4":"has-post-thumbnail","6":"product_cat-additifs","7":"product_cat-materiel-nourriture","8":"product_cat-traitements-de-leau","9":"pa_contenance-100ml","10":"pa_type-de-poissons-toutes-especes","12":"first","13":"instock","14":"taxable","15":"shipping-taxable","16":"purchasable","17":"product-type-simple"},"acf":[],"_links":{"self":[{"href":"https:\/\/com-pac.ovh\/preprod2\/wp-json\/wp\/v2\/product\/4021","targetHints":{"allow":["GET"]}}],"collection":[{"href":"https:\/\/com-pac.ovh\/preprod2\/wp-json\/wp\/v2\/product"}],"about":[{"href":"https:\/\/com-pac.ovh\/preprod2\/wp-json\/wp\/v2\/types\/product"}],"replies":[{"embeddable":true,"href":"https:\/\/com-pac.ovh\/preprod2\/wp-json\/wp\/v2\/comments?post=4021"}],"wp:featuredmedia":[{"embeddable":true,"href":"https:\/\/com-pac.ovh\/preprod2\/wp-json\/wp\/v2\/media\/4020"}],"wp:attachment":[{"href":"https:\/\/com-pac.ovh\/preprod2\/wp-json\/wp\/v2\/media?parent=4021"}],"wp:term":[{"taxonomy":"product_brand","embeddable":true,"href":"https:\/\/com-pac.ovh\/preprod2\/wp-json\/wp\/v2\/product_brand?post=4021"},{"taxonomy":"product_cat","embeddable":true,"href":"https:\/\/com-pac.ovh\/preprod2\/wp-json\/wp\/v2\/product_cat?post=4021"},{"taxonomy":"product_tag","embeddable":true,"href":"https:\/\/com-pac.ovh\/preprod2\/wp-json\/wp\/v2\/product_tag?post=4021"}],"curies":[{"name":"wp","href":"https:\/\/api.w.org\/{rel}","templated":true}]}}