
{"id":4023,"date":"2024-11-15T08:50:50","date_gmt":"2024-11-15T07:50:50","guid":{"rendered":"https:\/\/com-pac.ovh\/preprod2\/produit\/microbe-lift\/"},"modified":"2025-06-05T15:43:27","modified_gmt":"2025-06-05T13:43:27","slug":"microbe-lift","status":"publish","type":"product","link":"https:\/\/com-pac.ovh\/preprod2\/produit\/microbe-lift\/","title":{"rendered":"MICROBE LIFT"},"content":{"rendered":"<p>Substrate cleaner \u00e9limine efficacement les d\u00e9p\u00f4ts organiques. An\u00e9antit les liaisons gazeuses nocives et d\u00e9grade les sources de phosphate et de nitrate dans le fond de l&#8217;aquarium et sur les enrochements.<\/p>\n<p>Contient de la boue naturelle de mangrove et les bact\u00e9ries qui vont avec de sorte \u00e0 garantir une eau pure et saine.<\/p>\n","protected":false},"excerpt":{"rendered":"<p>Substrate cleaner<br \/>\nM\u00e9lange de bact\u00e9ries sp\u00e9cialement con\u00e7u pour la d\u00e9gradation biologique de vase et de d\u00e9tritus situ\u00e9s dans le sol et les roches des aquariums d&#8217;eau de mer et d&#8217;eau douce.<\/p>\n","protected":false},"featured_media":4022,"comment_status":"open","ping_status":"closed","template":"","meta":[],"product_brand":[],"product_cat":[84,25],"product_tag":[],"class_list":{"0":"post-4023","1":"product","2":"type-product","3":"status-publish","4":"has-post-thumbnail","6":"product_cat-materiel-nourriture","7":"product_cat-traitements-de-leau","8":"pa_contenance-100ml","9":"pa_type-de-poissons-toutes-especes","11":"first","12":"instock","13":"taxable","14":"shipping-taxable","15":"purchasable","16":"product-type-simple"},"acf":[],"_links":{"self":[{"href":"https:\/\/com-pac.ovh\/preprod2\/wp-json\/wp\/v2\/product\/4023","targetHints":{"allow":["GET"]}}],"collection":[{"href":"https:\/\/com-pac.ovh\/preprod2\/wp-json\/wp\/v2\/product"}],"about":[{"href":"https:\/\/com-pac.ovh\/preprod2\/wp-json\/wp\/v2\/types\/product"}],"replies":[{"embeddable":true,"href":"https:\/\/com-pac.ovh\/preprod2\/wp-json\/wp\/v2\/comments?post=4023"}],"wp:featuredmedia":[{"embeddable":true,"href":"https:\/\/com-pac.ovh\/preprod2\/wp-json\/wp\/v2\/media\/4022"}],"wp:attachment":[{"href":"https:\/\/com-pac.ovh\/preprod2\/wp-json\/wp\/v2\/media?parent=4023"}],"wp:term":[{"taxonomy":"product_brand","embeddable":true,"href":"https:\/\/com-pac.ovh\/preprod2\/wp-json\/wp\/v2\/product_brand?post=4023"},{"taxonomy":"product_cat","embeddable":true,"href":"https:\/\/com-pac.ovh\/preprod2\/wp-json\/wp\/v2\/product_cat?post=4023"},{"taxonomy":"product_tag","embeddable":true,"href":"https:\/\/com-pac.ovh\/preprod2\/wp-json\/wp\/v2\/product_tag?post=4023"}],"curies":[{"name":"wp","href":"https:\/\/api.w.org\/{rel}","templated":true}]}}