
{"id":4039,"date":"2024-11-23T12:50:33","date_gmt":"2024-11-23T11:50:33","guid":{"rendered":"https:\/\/com-pac.ovh\/preprod2\/produit\/poecilia-reticulta-elephant\/"},"modified":"2025-06-03T12:22:08","modified_gmt":"2025-06-03T10:22:08","slug":"poecilia-reticulta-elephant","status":"publish","type":"product","link":"https:\/\/com-pac.ovh\/preprod2\/produit\/poecilia-reticulta-elephant\/","title":{"rendered":"POECILIA RETICULATA ELEPHANT"},"content":{"rendered":"<p>Guppy \u00e9l\u00e9phant est un guppy \u00e0 l&#8217;apparence singuli\u00e8re. Guppy \u00e9l\u00e9phant est un Guppy \u00e0 l&#8217;apparence singuli\u00e8re que tout amateur de guppy souhaitera avoir dans sa collection.<\/p>\n","protected":false},"excerpt":{"rendered":"<p>Guppy \u00e9l\u00e9phant est un guppy \u00e0 l&#8217;apparence singuli\u00e8re. Guppy \u00e9l\u00e9phant est un Guppy \u00e0 l&#8217;apparence singuli\u00e8re que tout amateur de guppy souhaitera avoir dans sa collection.<\/p>\n","protected":false},"featured_media":4038,"comment_status":"open","ping_status":"closed","template":"","meta":[],"product_brand":[],"product_cat":[82,824],"product_tag":[],"class_list":{"0":"post-4039","1":"product","2":"type-product","3":"status-publish","4":"has-post-thumbnail","6":"product_cat-poissons-invertebres","7":"product_cat-poissons-deau-douce","8":"pa_continent-amerique-du-sud","9":"pa_famille-poeciliidae","10":"pa_genre-poecilia","11":"pa_lot-de-poissons-lot-de-10","12":"pa_lot-de-poissons-seul","13":"pa_maintenance-facile","14":"pa_taille-en-cm-1337","15":"pa_taillemaximale-5cm-2","16":"pa_type-de-poissons-guppys","17":"pa_volumeminimum-60l","19":"first","20":"instock","21":"taxable","22":"shipping-taxable","23":"purchasable","24":"product-type-variable"},"acf":[],"_links":{"self":[{"href":"https:\/\/com-pac.ovh\/preprod2\/wp-json\/wp\/v2\/product\/4039","targetHints":{"allow":["GET"]}}],"collection":[{"href":"https:\/\/com-pac.ovh\/preprod2\/wp-json\/wp\/v2\/product"}],"about":[{"href":"https:\/\/com-pac.ovh\/preprod2\/wp-json\/wp\/v2\/types\/product"}],"replies":[{"embeddable":true,"href":"https:\/\/com-pac.ovh\/preprod2\/wp-json\/wp\/v2\/comments?post=4039"}],"wp:featuredmedia":[{"embeddable":true,"href":"https:\/\/com-pac.ovh\/preprod2\/wp-json\/wp\/v2\/media\/4038"}],"wp:attachment":[{"href":"https:\/\/com-pac.ovh\/preprod2\/wp-json\/wp\/v2\/media?parent=4039"}],"wp:term":[{"taxonomy":"product_brand","embeddable":true,"href":"https:\/\/com-pac.ovh\/preprod2\/wp-json\/wp\/v2\/product_brand?post=4039"},{"taxonomy":"product_cat","embeddable":true,"href":"https:\/\/com-pac.ovh\/preprod2\/wp-json\/wp\/v2\/product_cat?post=4039"},{"taxonomy":"product_tag","embeddable":true,"href":"https:\/\/com-pac.ovh\/preprod2\/wp-json\/wp\/v2\/product_tag?post=4039"}],"curies":[{"name":"wp","href":"https:\/\/api.w.org\/{rel}","templated":true}]}}