
{"id":4041,"date":"2024-12-06T09:27:21","date_gmt":"2024-12-06T08:27:21","guid":{"rendered":"https:\/\/com-pac.ovh\/preprod2\/produit\/pterophyllum-scalare-blue-neon\/"},"modified":"2025-06-02T15:55:09","modified_gmt":"2025-06-02T13:55:09","slug":"pterophyllum-scalare-blue-neon","status":"publish","type":"product","link":"https:\/\/com-pac.ovh\/preprod2\/produit\/pterophyllum-scalare-blue-neon\/","title":{"rendered":"Pterophyllum Scalare Blue Neon"},"content":{"rendered":"<p data-start=\"82\" data-end=\"246\">Pterophyllum scalare, ou <em data-start=\"111\" data-end=\"121\">scalaire<\/em>, est un poisson d\u2019eau douce embl\u00e9matique de l\u2019Amazonie, pris\u00e9 en aquariophilie pour son \u00e9l\u00e9gance et son comportement social.<br \/>\nAvec son corps plat en forme de disque et ses longues nageoires, il atteint g\u00e9n\u00e9ralement 15 \u00e0 20 cm. Il existe dans une large gamme de couleurs et de motifs. Sociable mais parfois territorial, surtout en p\u00e9riode de reproduction, il manifeste un fort instinct parental en prot\u00e9geant ses \u0153ufs et ses alevins.<br \/>\nLe scalaire vit dans des eaux calmes et v\u00e9g\u00e9talis\u00e9es. En aquarium, il demande un bac spacieux, une eau \u00e0 24\u201328 \u00b0C, des plantes, et une alimentation vari\u00e9e.<\/p>\n","protected":false},"excerpt":{"rendered":"<p>Le Pterophyllum scalare, commun\u00e9ment appel\u00e9 le scalaire, est un poisson d&#8217;eau douce appartenant \u00e0 la famille des Cichlid\u00e9s. Originaire des eaux douces de l&#8217;Amazonie, notamment dans des pays comme le Br\u00e9sil, le P\u00e9rou et la Colombie, il est tr\u00e8s populaire dans l&#8217;aquariophilie en raison de sa beaut\u00e9 et de son comportement fascinant.<br \/>\nTaille 5\/6 cm<\/p>\n","protected":false},"featured_media":4040,"comment_status":"open","ping_status":"closed","template":"","meta":[],"product_brand":[],"product_cat":[82,824],"product_tag":[],"class_list":{"0":"post-4041","1":"product","2":"type-product","3":"status-publish","4":"has-post-thumbnail","6":"product_cat-poissons-invertebres","7":"product_cat-poissons-deau-douce","8":"pa_continent-amerique-du-sud","9":"pa_famille-cichlidae","10":"pa_genre-pterophyllum","11":"pa_maintenance-moderee","12":"pa_taillemaximale-15cm-2","13":"pa_type-de-poissons-scalaires","14":"pa_volumeminimum-100l","16":"first","17":"onbackorder","18":"taxable","19":"shipping-taxable","20":"purchasable","21":"product-type-simple"},"acf":[],"_links":{"self":[{"href":"https:\/\/com-pac.ovh\/preprod2\/wp-json\/wp\/v2\/product\/4041","targetHints":{"allow":["GET"]}}],"collection":[{"href":"https:\/\/com-pac.ovh\/preprod2\/wp-json\/wp\/v2\/product"}],"about":[{"href":"https:\/\/com-pac.ovh\/preprod2\/wp-json\/wp\/v2\/types\/product"}],"replies":[{"embeddable":true,"href":"https:\/\/com-pac.ovh\/preprod2\/wp-json\/wp\/v2\/comments?post=4041"}],"wp:featuredmedia":[{"embeddable":true,"href":"https:\/\/com-pac.ovh\/preprod2\/wp-json\/wp\/v2\/media\/4040"}],"wp:attachment":[{"href":"https:\/\/com-pac.ovh\/preprod2\/wp-json\/wp\/v2\/media?parent=4041"}],"wp:term":[{"taxonomy":"product_brand","embeddable":true,"href":"https:\/\/com-pac.ovh\/preprod2\/wp-json\/wp\/v2\/product_brand?post=4041"},{"taxonomy":"product_cat","embeddable":true,"href":"https:\/\/com-pac.ovh\/preprod2\/wp-json\/wp\/v2\/product_cat?post=4041"},{"taxonomy":"product_tag","embeddable":true,"href":"https:\/\/com-pac.ovh\/preprod2\/wp-json\/wp\/v2\/product_tag?post=4041"}],"curies":[{"name":"wp","href":"https:\/\/api.w.org\/{rel}","templated":true}]}}