
{"id":4049,"date":"2025-01-18T08:24:13","date_gmt":"2025-01-18T07:24:13","guid":{"rendered":"https:\/\/com-pac.ovh\/preprod2\/produit\/easy-life-bio-exit-silicate\/"},"modified":"2025-06-05T15:40:46","modified_gmt":"2025-06-05T13:40:46","slug":"easy-life-bio-exit-silicate","status":"publish","type":"product","link":"https:\/\/com-pac.ovh\/preprod2\/produit\/easy-life-bio-exit-silicate\/","title":{"rendered":"Easy life Bio-Exit Silicate"},"content":{"rendered":"<p>Dosage : 10 ml pour 20 litres le jour 1 et le jour 3. Pas de renouvellement de l\u2019eau pendant 7 jours apr\u00e8s le premier dosage.<br \/>\nLes silicates sont contenus dans l\u2019eau du robinet ou lib\u00e9r\u00e9s par le substrat. Les silicates peuvent favoriser la croissance de diatom\u00e9es (Diatomeae). Ces derni\u00e8res peuvent former un d\u00e9pot brun\u00e2tre sur les plantes et le substrat. Bio-Exit Silicate neutralise les silicates de mani\u00e8re rapide et efficace. Bio-Exit Silicate\u00a0est disponible dans diff\u00e9rentes unit\u00e9s de conditionnement:\u00a0250 ml &#8211; 500 ml &#8211; 1000 ml<br \/>\nNeutralise les silicates<br \/>\nCause des d\u00e9p\u00f4ts brun\u00e2tre sur les plantes et le gravier<\/p>\n","protected":false},"excerpt":{"rendered":"<p>Bio-Exit Silicate Eau<br \/>\nPlus de d\u00e9p\u00f4t brun\u00e2tre<\/p>\n","protected":false},"featured_media":4048,"comment_status":"open","ping_status":"closed","template":"","meta":[],"product_brand":[],"product_cat":[37,84,25],"product_tag":[],"class_list":{"0":"post-4049","1":"product","2":"type-product","3":"status-publish","4":"has-post-thumbnail","6":"product_cat-additifs","7":"product_cat-materiel-nourriture","8":"product_cat-traitements-de-leau","9":"pa_contenance-250ml","11":"first","12":"instock","13":"taxable","14":"shipping-taxable","15":"purchasable","16":"product-type-simple"},"acf":[],"_links":{"self":[{"href":"https:\/\/com-pac.ovh\/preprod2\/wp-json\/wp\/v2\/product\/4049","targetHints":{"allow":["GET"]}}],"collection":[{"href":"https:\/\/com-pac.ovh\/preprod2\/wp-json\/wp\/v2\/product"}],"about":[{"href":"https:\/\/com-pac.ovh\/preprod2\/wp-json\/wp\/v2\/types\/product"}],"replies":[{"embeddable":true,"href":"https:\/\/com-pac.ovh\/preprod2\/wp-json\/wp\/v2\/comments?post=4049"}],"wp:featuredmedia":[{"embeddable":true,"href":"https:\/\/com-pac.ovh\/preprod2\/wp-json\/wp\/v2\/media\/4048"}],"wp:attachment":[{"href":"https:\/\/com-pac.ovh\/preprod2\/wp-json\/wp\/v2\/media?parent=4049"}],"wp:term":[{"taxonomy":"product_brand","embeddable":true,"href":"https:\/\/com-pac.ovh\/preprod2\/wp-json\/wp\/v2\/product_brand?post=4049"},{"taxonomy":"product_cat","embeddable":true,"href":"https:\/\/com-pac.ovh\/preprod2\/wp-json\/wp\/v2\/product_cat?post=4049"},{"taxonomy":"product_tag","embeddable":true,"href":"https:\/\/com-pac.ovh\/preprod2\/wp-json\/wp\/v2\/product_tag?post=4049"}],"curies":[{"name":"wp","href":"https:\/\/api.w.org\/{rel}","templated":true}]}}