
{"id":4052,"date":"2025-01-18T08:35:20","date_gmt":"2025-01-18T07:35:20","guid":{"rendered":"https:\/\/com-pac.ovh\/preprod2\/produit\/pronovo-tanganyika\/"},"modified":"2025-06-05T15:38:51","modified_gmt":"2025-06-05T13:38:51","slug":"pronovo-tanganyika","status":"publish","type":"product","link":"https:\/\/com-pac.ovh\/preprod2\/produit\/pronovo-tanganyika\/","title":{"rendered":"PRONOVO TANGANYIKA"},"content":{"rendered":"<p>Aliment pr\u00e9biotique et flottant pour poissons d\u2019aquarium : les fibres alimentaires sp\u00e9ciales contenues dans l\u2019aliment nourrissent les bact\u00e9ries intestinales positives pour une digestion saine.<br \/>\nIngr\u00e9dients bruts, sans additifs artificiels, pour une alimentation naturelle et des Cichlid\u00e9s en bonne sant\u00e9. Test\u00e9 sur des esp\u00e8ces de Cichlid\u00e9s jusqu\u2019\u00e0 40 m de profondeur au cours des exp\u00e9ditions JBL dans les lacs Malawi et Tanganyika. Tr\u00e8s grande app\u00e9tence, m\u00eame chez les Cichlid\u00e9s difficiles, gr\u00e2ce aux ingr\u00e9dients de qualit\u00e9 &#8211; saumon, crevettes, calamar.Contient de l&#8217;astaxanthine naturelle tr\u00e8s haut de gamme, extraite de krill et de spiruline, pour une coloration parfaite des Cichlid\u00e9s des lacs Tanganyika et Malawi.<br \/>\nContenu : bo\u00eete d\u2019origine scell\u00e9e, recyclable, \u00e9tanche \u00e0 l\u2019air et \u00e0 la lumi\u00e8re, avec doseur \u00e0 l\u2019int\u00e9rieur du couvercle.<\/p>\n","protected":false},"excerpt":{"rendered":"<p>JBL PRONOVO TANGANYIKA FLAKES M<br \/>\nAliment de base en flocons pour Cichlid\u00e9s pr\u00e9dateurs des lacs Tanganyika Malawi de 8 \u00e0 20 cm en aquarium<\/p>\n","protected":false},"featured_media":4050,"comment_status":"open","ping_status":"closed","template":"","meta":[],"product_brand":[],"product_cat":[84,825],"product_tag":[],"class_list":{"0":"post-4052","1":"product","2":"type-product","3":"status-publish","4":"has-post-thumbnail","6":"product_cat-materiel-nourriture","7":"product_cat-nourriture","8":"pa_contenance-250ml","9":"pa_nourriture-nourriture-seche","10":"pa_type-de-nourriture-seche-flocons","12":"first","13":"instock","14":"taxable","15":"shipping-taxable","16":"purchasable","17":"product-type-simple"},"acf":[],"_links":{"self":[{"href":"https:\/\/com-pac.ovh\/preprod2\/wp-json\/wp\/v2\/product\/4052","targetHints":{"allow":["GET"]}}],"collection":[{"href":"https:\/\/com-pac.ovh\/preprod2\/wp-json\/wp\/v2\/product"}],"about":[{"href":"https:\/\/com-pac.ovh\/preprod2\/wp-json\/wp\/v2\/types\/product"}],"replies":[{"embeddable":true,"href":"https:\/\/com-pac.ovh\/preprod2\/wp-json\/wp\/v2\/comments?post=4052"}],"wp:featuredmedia":[{"embeddable":true,"href":"https:\/\/com-pac.ovh\/preprod2\/wp-json\/wp\/v2\/media\/4050"}],"wp:attachment":[{"href":"https:\/\/com-pac.ovh\/preprod2\/wp-json\/wp\/v2\/media?parent=4052"}],"wp:term":[{"taxonomy":"product_brand","embeddable":true,"href":"https:\/\/com-pac.ovh\/preprod2\/wp-json\/wp\/v2\/product_brand?post=4052"},{"taxonomy":"product_cat","embeddable":true,"href":"https:\/\/com-pac.ovh\/preprod2\/wp-json\/wp\/v2\/product_cat?post=4052"},{"taxonomy":"product_tag","embeddable":true,"href":"https:\/\/com-pac.ovh\/preprod2\/wp-json\/wp\/v2\/product_tag?post=4052"}],"curies":[{"name":"wp","href":"https:\/\/api.w.org\/{rel}","templated":true}]}}