
{"id":4060,"date":"2025-01-30T09:35:56","date_gmt":"2025-01-30T08:35:56","guid":{"rendered":"https:\/\/com-pac.ovh\/preprod2\/produit\/aequidens-pulcher\/"},"modified":"2025-06-13T10:46:34","modified_gmt":"2025-06-13T08:46:34","slug":"aequidens-pulcher","status":"publish","type":"product","link":"https:\/\/com-pac.ovh\/preprod2\/produit\/aequidens-pulcher\/","title":{"rendered":"Aequidens Pulcher"},"content":{"rendered":"<p data-start=\"85\" data-end=\"336\">L\u2019Aequidens pulcher, ou Cichlid\u00e9 bleu, est un poisson d\u2019eau douce originaire du bassin amazonien, appr\u00e9ci\u00e9 en aquariophilie pour ses couleurs bleues \u00e0 vertes aux reflets m\u00e9talliques. Les m\u00e2les, plus grands et color\u00e9s, atteignent jusqu\u2019\u00e0 20 cm.<br \/>\nIl vit dans des eaux douces, l\u00e9g\u00e8rement acides, riches en v\u00e9g\u00e9tation. Territorial, il peut se montrer agressif, surtout en p\u00e9riode de reproduction. Il est connu pour ses soins parentaux attentifs.<br \/>\nOmnivore, il accepte granul\u00e9s, flocons et proies vivantes ou congel\u00e9es. En aquarium, il n\u00e9cessite un espace adapt\u00e9, bien plant\u00e9, avec des cachettes, et des colocataires compatibles.<\/p>\n","protected":false},"excerpt":{"rendered":"<p>L\u2019Aequidens pulcher, ou Cichlid\u00e9 bleu, est un poisson d\u2019eau douce originaire du bassin amazonien, appr\u00e9ci\u00e9 en aquariophilie pour ses couleurs bleues \u00e0 vertes aux reflets m\u00e9talliques. Les m\u00e2les, plus grands et color\u00e9s, atteignent jusqu\u2019\u00e0 20 cm. Il vit dans des eaux douces, l\u00e9g\u00e8rement acides, riches en v\u00e9g\u00e9tation. Territorial, il peut se montrer agressif, surtout en p\u00e9riode de reproduction. Il est connu pour ses soins parentaux attentifs. Omnivore, il accepte granul\u00e9s, flocons et proies vivantes ou congel\u00e9es. En aquarium, il n\u00e9cessite un espace adapt\u00e9, bien plant\u00e9, avec des cachettes, et des colocataires compatibles.<\/p>\n","protected":false},"featured_media":4059,"comment_status":"open","ping_status":"closed","template":"","meta":[],"product_brand":[],"product_cat":[82,824],"product_tag":[],"class_list":{"0":"post-4060","1":"product","2":"type-product","3":"status-publish","4":"has-post-thumbnail","6":"product_cat-poissons-invertebres","7":"product_cat-poissons-deau-douce","8":"pa_continent-amerique-du-sud","9":"pa_famille-cichlidae","10":"pa_genre-aequidens","11":"pa_taille-en-cm-1337","12":"pa_taillemaximale-25cm-2","13":"pa_type-de-poissons-cichlides-americains","15":"first","16":"instock","17":"taxable","18":"shipping-taxable","19":"purchasable","20":"product-type-simple"},"acf":[],"_links":{"self":[{"href":"https:\/\/com-pac.ovh\/preprod2\/wp-json\/wp\/v2\/product\/4060","targetHints":{"allow":["GET"]}}],"collection":[{"href":"https:\/\/com-pac.ovh\/preprod2\/wp-json\/wp\/v2\/product"}],"about":[{"href":"https:\/\/com-pac.ovh\/preprod2\/wp-json\/wp\/v2\/types\/product"}],"replies":[{"embeddable":true,"href":"https:\/\/com-pac.ovh\/preprod2\/wp-json\/wp\/v2\/comments?post=4060"}],"wp:featuredmedia":[{"embeddable":true,"href":"https:\/\/com-pac.ovh\/preprod2\/wp-json\/wp\/v2\/media\/4059"}],"wp:attachment":[{"href":"https:\/\/com-pac.ovh\/preprod2\/wp-json\/wp\/v2\/media?parent=4060"}],"wp:term":[{"taxonomy":"product_brand","embeddable":true,"href":"https:\/\/com-pac.ovh\/preprod2\/wp-json\/wp\/v2\/product_brand?post=4060"},{"taxonomy":"product_cat","embeddable":true,"href":"https:\/\/com-pac.ovh\/preprod2\/wp-json\/wp\/v2\/product_cat?post=4060"},{"taxonomy":"product_tag","embeddable":true,"href":"https:\/\/com-pac.ovh\/preprod2\/wp-json\/wp\/v2\/product_tag?post=4060"}],"curies":[{"name":"wp","href":"https:\/\/api.w.org\/{rel}","templated":true}]}}