
{"id":4273,"date":"2025-05-15T13:22:18","date_gmt":"2025-05-15T11:22:18","guid":{"rendered":"https:\/\/com-pac.ovh\/preprod2\/produit\/alternanthera-reineckii-lilacina-2\/"},"modified":"2025-06-11T12:44:49","modified_gmt":"2025-06-11T10:44:49","slug":"alternanthera-reineckii-lilacina-2","status":"publish","type":"product","link":"https:\/\/com-pac.ovh\/preprod2\/produit\/alternanthera-reineckii-lilacina-2\/","title":{"rendered":"Alternanthera reineckii &#8216;Lilacina&#8217;"},"content":{"rendered":"","protected":false},"excerpt":{"rendered":"<p>Alternanthera reineckii \u2018Lilacina\u2019 est une plante d\u2019aquarium \u00e0 tiges rouges et violettes, id\u00e9ale pour apporter de la couleur en arri\u00e8re-plan. Facile \u00e0 cultiver avec un bon \u00e9clairage, elle offre une croissance mod\u00e9r\u00e9e et r\u00e9v\u00e8le toute son intensit\u00e9 avec un apport en CO\u2082. Parfaite pour les aquariums paysag\u00e9s, elle structure l\u2019espace tout en ajoutant une touche vibrante et naturelle.<\/p>\n","protected":false},"featured_media":6000,"comment_status":"open","ping_status":"closed","template":"","meta":[],"product_brand":[],"product_cat":[83],"product_tag":[],"class_list":{"0":"post-4273","1":"product","2":"type-product","3":"status-publish","4":"has-post-thumbnail","6":"product_cat-plantes-daquariums","7":"pa_croissance-moderee","8":"pa_gh-3-15-2","9":"pa_origine-amerique-du-sud-bresil","10":"pa_ph-6-0-7-5-4","12":"first","13":"instock","14":"taxable","15":"shipping-taxable","16":"purchasable","17":"product-type-simple"},"acf":[],"_links":{"self":[{"href":"https:\/\/com-pac.ovh\/preprod2\/wp-json\/wp\/v2\/product\/4273","targetHints":{"allow":["GET"]}}],"collection":[{"href":"https:\/\/com-pac.ovh\/preprod2\/wp-json\/wp\/v2\/product"}],"about":[{"href":"https:\/\/com-pac.ovh\/preprod2\/wp-json\/wp\/v2\/types\/product"}],"replies":[{"embeddable":true,"href":"https:\/\/com-pac.ovh\/preprod2\/wp-json\/wp\/v2\/comments?post=4273"}],"wp:featuredmedia":[{"embeddable":true,"href":"https:\/\/com-pac.ovh\/preprod2\/wp-json\/wp\/v2\/media\/6000"}],"wp:attachment":[{"href":"https:\/\/com-pac.ovh\/preprod2\/wp-json\/wp\/v2\/media?parent=4273"}],"wp:term":[{"taxonomy":"product_brand","embeddable":true,"href":"https:\/\/com-pac.ovh\/preprod2\/wp-json\/wp\/v2\/product_brand?post=4273"},{"taxonomy":"product_cat","embeddable":true,"href":"https:\/\/com-pac.ovh\/preprod2\/wp-json\/wp\/v2\/product_cat?post=4273"},{"taxonomy":"product_tag","embeddable":true,"href":"https:\/\/com-pac.ovh\/preprod2\/wp-json\/wp\/v2\/product_tag?post=4273"}],"curies":[{"name":"wp","href":"https:\/\/api.w.org\/{rel}","templated":true}]}}