
{"id":4274,"date":"2025-05-15T13:22:18","date_gmt":"2025-05-15T11:22:18","guid":{"rendered":"https:\/\/com-pac.ovh\/preprod2\/produit\/amatitlania-myrnae\/"},"modified":"2025-06-13T11:00:15","modified_gmt":"2025-06-13T09:00:15","slug":"amatitlania-myrnae","status":"publish","type":"product","link":"https:\/\/com-pac.ovh\/preprod2\/produit\/amatitlania-myrnae\/","title":{"rendered":"Amatitlania Myrnae"},"content":{"rendered":"<p>Amatitlania myrnae, ou cichlid\u00e9 de Myrna, est un poisson d\u2019eau douce originaire d\u2019Am\u00e9rique centrale, notamment du Costa Rica. Il se distingue par ses couleurs vives et ses bandes sombres qui ornent son corps. De taille modeste, il mesure environ 8 \u00e0 10 cm \u00e0 l\u2019\u00e2ge adulte. Ce cichlid\u00e9 est connu pour son comportement territorial, surtout lors de la reproduction, et il pr\u00e9f\u00e8re les habitats rocheux avec des cachettes. Son caract\u00e8re vif en fait un pensionnaire appr\u00e9ci\u00e9 des aquariophiles, \u00e0 condition de lui offrir un espace adapt\u00e9 \u00e0 ses besoins.<\/p>\n","protected":false},"excerpt":{"rendered":"<p>Amatitlania myrnae, ou cichlid\u00e9 de Myrna, est un poisson d\u2019eau douce originaire d\u2019Am\u00e9rique centrale, notamment du Costa Rica. Il se distingue par ses couleurs vives et ses bandes sombres qui ornent son corps. De taille modeste, il mesure environ 8 \u00e0 10 cm \u00e0 l\u2019\u00e2ge adulte. Ce cichlid\u00e9 est connu pour son comportement territorial, surtout lors de la reproduction, et il pr\u00e9f\u00e8re les habitats rocheux avec des cachettes. Son caract\u00e8re vif en fait un pensionnaire appr\u00e9ci\u00e9 des aquariophiles, \u00e0 condition de lui offrir un espace adapt\u00e9 \u00e0 ses besoins.<\/p>\n","protected":false},"featured_media":5562,"comment_status":"open","ping_status":"closed","template":"","meta":[],"product_brand":[],"product_cat":[82,824],"product_tag":[],"class_list":{"0":"post-4274","1":"product","2":"type-product","3":"status-publish","4":"has-post-thumbnail","6":"product_cat-poissons-invertebres","7":"product_cat-poissons-deau-douce","9":"first","10":"instock","11":"taxable","12":"shipping-taxable","13":"purchasable","14":"product-type-simple"},"acf":[],"_links":{"self":[{"href":"https:\/\/com-pac.ovh\/preprod2\/wp-json\/wp\/v2\/product\/4274","targetHints":{"allow":["GET"]}}],"collection":[{"href":"https:\/\/com-pac.ovh\/preprod2\/wp-json\/wp\/v2\/product"}],"about":[{"href":"https:\/\/com-pac.ovh\/preprod2\/wp-json\/wp\/v2\/types\/product"}],"replies":[{"embeddable":true,"href":"https:\/\/com-pac.ovh\/preprod2\/wp-json\/wp\/v2\/comments?post=4274"}],"wp:featuredmedia":[{"embeddable":true,"href":"https:\/\/com-pac.ovh\/preprod2\/wp-json\/wp\/v2\/media\/5562"}],"wp:attachment":[{"href":"https:\/\/com-pac.ovh\/preprod2\/wp-json\/wp\/v2\/media?parent=4274"}],"wp:term":[{"taxonomy":"product_brand","embeddable":true,"href":"https:\/\/com-pac.ovh\/preprod2\/wp-json\/wp\/v2\/product_brand?post=4274"},{"taxonomy":"product_cat","embeddable":true,"href":"https:\/\/com-pac.ovh\/preprod2\/wp-json\/wp\/v2\/product_cat?post=4274"},{"taxonomy":"product_tag","embeddable":true,"href":"https:\/\/com-pac.ovh\/preprod2\/wp-json\/wp\/v2\/product_tag?post=4274"}],"curies":[{"name":"wp","href":"https:\/\/api.w.org\/{rel}","templated":true}]}}