
{"id":4276,"date":"2025-05-15T13:22:18","date_gmt":"2025-05-15T11:22:18","guid":{"rendered":"https:\/\/com-pac.ovh\/preprod2\/produit\/amatitlania-sajica\/"},"modified":"2025-06-13T11:09:48","modified_gmt":"2025-06-13T09:09:48","slug":"amatitlania-sajica","status":"publish","type":"product","link":"https:\/\/com-pac.ovh\/preprod2\/produit\/amatitlania-sajica\/","title":{"rendered":"Amatitlania Sajica"},"content":{"rendered":"<p>Amatitlania sajica, aussi appel\u00e9 cichlid\u00e9 T-bar en raison de la bande en forme de T qui traverse son corps, est un poisson d\u2019eau douce originaire du Costa Rica. Il est appr\u00e9ci\u00e9 pour ses couleurs \u00e9l\u00e9gantes et son temp\u00e9rament plus calme que certains de ses cousins. Avec une taille modeste (10 \u00e0 12\u202fcm \u00e0 l\u2019\u00e2ge adulte), il reste un excellent choix pour les aquariums communautaires avec d\u2019autres esp\u00e8ces robustes. Il aime les zones rocheuses et les plantes, ainsi que les cachettes pour \u00e9tablir son territoire.<\/p>\n","protected":false},"excerpt":{"rendered":"<p>Amatitlania sajica, aussi appel\u00e9 cichlid\u00e9 T-bar en raison de la bande en forme de T qui traverse son corps, est un poisson d\u2019eau douce originaire du Costa Rica. Il est appr\u00e9ci\u00e9 pour ses couleurs \u00e9l\u00e9gantes et son temp\u00e9rament plus calme que certains de ses cousins. Avec une taille modeste (10 \u00e0 12\u202fcm \u00e0 l\u2019\u00e2ge adulte), il reste un excellent choix pour les aquariums communautaires avec d\u2019autres esp\u00e8ces robustes. Il aime les zones rocheuses et les plantes, ainsi que les cachettes pour \u00e9tablir son territoire.<\/p>\n","protected":false},"featured_media":5564,"comment_status":"open","ping_status":"closed","template":"","meta":[],"product_brand":[],"product_cat":[82,824],"product_tag":[],"class_list":{"0":"post-4276","1":"product","2":"type-product","3":"status-publish","4":"has-post-thumbnail","6":"product_cat-poissons-invertebres","7":"product_cat-poissons-deau-douce","9":"first","10":"instock","11":"taxable","12":"shipping-taxable","13":"purchasable","14":"product-type-simple"},"acf":[],"_links":{"self":[{"href":"https:\/\/com-pac.ovh\/preprod2\/wp-json\/wp\/v2\/product\/4276","targetHints":{"allow":["GET"]}}],"collection":[{"href":"https:\/\/com-pac.ovh\/preprod2\/wp-json\/wp\/v2\/product"}],"about":[{"href":"https:\/\/com-pac.ovh\/preprod2\/wp-json\/wp\/v2\/types\/product"}],"replies":[{"embeddable":true,"href":"https:\/\/com-pac.ovh\/preprod2\/wp-json\/wp\/v2\/comments?post=4276"}],"wp:featuredmedia":[{"embeddable":true,"href":"https:\/\/com-pac.ovh\/preprod2\/wp-json\/wp\/v2\/media\/5564"}],"wp:attachment":[{"href":"https:\/\/com-pac.ovh\/preprod2\/wp-json\/wp\/v2\/media?parent=4276"}],"wp:term":[{"taxonomy":"product_brand","embeddable":true,"href":"https:\/\/com-pac.ovh\/preprod2\/wp-json\/wp\/v2\/product_brand?post=4276"},{"taxonomy":"product_cat","embeddable":true,"href":"https:\/\/com-pac.ovh\/preprod2\/wp-json\/wp\/v2\/product_cat?post=4276"},{"taxonomy":"product_tag","embeddable":true,"href":"https:\/\/com-pac.ovh\/preprod2\/wp-json\/wp\/v2\/product_tag?post=4276"}],"curies":[{"name":"wp","href":"https:\/\/api.w.org\/{rel}","templated":true}]}}