
{"id":4277,"date":"2025-05-15T13:22:18","date_gmt":"2025-05-15T11:22:18","guid":{"rendered":"https:\/\/com-pac.ovh\/preprod2\/produit\/amatitlania-sp-honduran\/"},"modified":"2025-06-13T13:14:23","modified_gmt":"2025-06-13T11:14:23","slug":"amatitlania-sp-honduran","status":"publish","type":"product","link":"https:\/\/com-pac.ovh\/preprod2\/produit\/amatitlania-sp-honduran\/","title":{"rendered":"Amatitlania SP Honduran"},"content":{"rendered":"<p>Amatitlania sp. Honduran, souvent appel\u00e9e cichlid\u00e9 convicte du Honduras, est un poisson d\u2019eau douce originaire d\u2019Am\u00e9rique centrale, plus pr\u00e9cis\u00e9ment du Honduras. Il est proche parent de l\u2019Amatitlania nigrofasciatus, mais il pr\u00e9sente des colorations l\u00e9g\u00e8rement diff\u00e9rentes : des teintes plus douces et des motifs parfois plus discrets. Il atteint une taille modeste (environ 10\u202fcm) et poss\u00e8de un temp\u00e9rament territorial, notamment pendant la reproduction. Il aime les zones rocheuses avec des cachettes et peut cohabiter avec d\u2019autres poissons robustes dans un aquarium bien am\u00e9nag\u00e9.<\/p>\n","protected":false},"excerpt":{"rendered":"<p>Amatitlania sp. Honduran, souvent appel\u00e9e cichlid\u00e9 convicte du Honduras, est un poisson d\u2019eau douce originaire d\u2019Am\u00e9rique centrale, plus pr\u00e9cis\u00e9ment du Honduras. Il est proche parent de l\u2019Amatitlania nigrofasciatus, mais il pr\u00e9sente des colorations l\u00e9g\u00e8rement diff\u00e9rentes : des teintes plus douces et des motifs parfois plus discrets. Il atteint une taille modeste (environ 10\u202fcm) et poss\u00e8de un temp\u00e9rament territorial, notamment pendant la reproduction. Il aime les zones rocheuses avec des cachettes et peut cohabiter avec d\u2019autres poissons robustes dans un aquarium bien am\u00e9nag\u00e9.<\/p>\n","protected":false},"featured_media":5569,"comment_status":"open","ping_status":"closed","template":"","meta":[],"product_brand":[],"product_cat":[82,824],"product_tag":[],"class_list":{"0":"post-4277","1":"product","2":"type-product","3":"status-publish","4":"has-post-thumbnail","6":"product_cat-poissons-invertebres","7":"product_cat-poissons-deau-douce","9":"first","10":"instock","11":"taxable","12":"shipping-taxable","13":"purchasable","14":"product-type-simple"},"acf":[],"_links":{"self":[{"href":"https:\/\/com-pac.ovh\/preprod2\/wp-json\/wp\/v2\/product\/4277","targetHints":{"allow":["GET"]}}],"collection":[{"href":"https:\/\/com-pac.ovh\/preprod2\/wp-json\/wp\/v2\/product"}],"about":[{"href":"https:\/\/com-pac.ovh\/preprod2\/wp-json\/wp\/v2\/types\/product"}],"replies":[{"embeddable":true,"href":"https:\/\/com-pac.ovh\/preprod2\/wp-json\/wp\/v2\/comments?post=4277"}],"wp:featuredmedia":[{"embeddable":true,"href":"https:\/\/com-pac.ovh\/preprod2\/wp-json\/wp\/v2\/media\/5569"}],"wp:attachment":[{"href":"https:\/\/com-pac.ovh\/preprod2\/wp-json\/wp\/v2\/media?parent=4277"}],"wp:term":[{"taxonomy":"product_brand","embeddable":true,"href":"https:\/\/com-pac.ovh\/preprod2\/wp-json\/wp\/v2\/product_brand?post=4277"},{"taxonomy":"product_cat","embeddable":true,"href":"https:\/\/com-pac.ovh\/preprod2\/wp-json\/wp\/v2\/product_cat?post=4277"},{"taxonomy":"product_tag","embeddable":true,"href":"https:\/\/com-pac.ovh\/preprod2\/wp-json\/wp\/v2\/product_tag?post=4277"}],"curies":[{"name":"wp","href":"https:\/\/api.w.org\/{rel}","templated":true}]}}