
{"id":4279,"date":"2025-05-15T13:22:18","date_gmt":"2025-05-15T11:22:18","guid":{"rendered":"https:\/\/com-pac.ovh\/preprod2\/produit\/ancistrus-dolichopterus\/"},"modified":"2025-06-13T13:28:12","modified_gmt":"2025-06-13T11:28:12","slug":"ancistrus-dolichopterus","status":"publish","type":"product","link":"https:\/\/com-pac.ovh\/preprod2\/produit\/ancistrus-dolichopterus\/","title":{"rendered":"Ancistrus Dolichopterus"},"content":{"rendered":"<p>Ancistrus dolichopterus, souvent appel\u00e9 Ancistrus commun ou poisson-ventouse, est un poisson d\u2019eau douce originaire d\u2019Am\u00e9rique du Sud, notamment des affluents de l\u2019Amazone. Il est facilement reconnaissable gr\u00e2ce \u00e0 son corps aplati, sa bouche en forme de ventouse et ses barbillons sur le museau, surtout chez les m\u00e2les. Avec sa taille modeste (10 \u00e0 15\u202fcm), c\u2019est un excellent nettoyeur d\u2019algues pour les aquariums. Calme et paisible, il pr\u00e9f\u00e8re les zones ombrag\u00e9es et les cachettes comme les racines ou les grottes.<\/p>\n","protected":false},"excerpt":{"rendered":"<p>Ancistrus dolichopterus, souvent appel\u00e9 Ancistrus commun ou poisson-ventouse, est un poisson d\u2019eau douce originaire d\u2019Am\u00e9rique du Sud, notamment des affluents de l\u2019Amazone. Il est facilement reconnaissable gr\u00e2ce \u00e0 son corps aplati, sa bouche en forme de ventouse et ses barbillons sur le museau, surtout chez les m\u00e2les. Avec sa taille modeste (10 \u00e0 15\u202fcm), c\u2019est un excellent nettoyeur d\u2019algues pour les aquariums. Calme et paisible, il pr\u00e9f\u00e8re les zones ombrag\u00e9es et les cachettes comme les racines ou les grottes.<\/p>\n","protected":false},"featured_media":5570,"comment_status":"open","ping_status":"closed","template":"","meta":[],"product_brand":[],"product_cat":[82,824],"product_tag":[],"class_list":{"0":"post-4279","1":"product","2":"type-product","3":"status-publish","4":"has-post-thumbnail","6":"product_cat-poissons-invertebres","7":"product_cat-poissons-deau-douce","9":"first","10":"instock","11":"taxable","12":"shipping-taxable","13":"purchasable","14":"product-type-simple"},"acf":[],"_links":{"self":[{"href":"https:\/\/com-pac.ovh\/preprod2\/wp-json\/wp\/v2\/product\/4279","targetHints":{"allow":["GET"]}}],"collection":[{"href":"https:\/\/com-pac.ovh\/preprod2\/wp-json\/wp\/v2\/product"}],"about":[{"href":"https:\/\/com-pac.ovh\/preprod2\/wp-json\/wp\/v2\/types\/product"}],"replies":[{"embeddable":true,"href":"https:\/\/com-pac.ovh\/preprod2\/wp-json\/wp\/v2\/comments?post=4279"}],"wp:featuredmedia":[{"embeddable":true,"href":"https:\/\/com-pac.ovh\/preprod2\/wp-json\/wp\/v2\/media\/5570"}],"wp:attachment":[{"href":"https:\/\/com-pac.ovh\/preprod2\/wp-json\/wp\/v2\/media?parent=4279"}],"wp:term":[{"taxonomy":"product_brand","embeddable":true,"href":"https:\/\/com-pac.ovh\/preprod2\/wp-json\/wp\/v2\/product_brand?post=4279"},{"taxonomy":"product_cat","embeddable":true,"href":"https:\/\/com-pac.ovh\/preprod2\/wp-json\/wp\/v2\/product_cat?post=4279"},{"taxonomy":"product_tag","embeddable":true,"href":"https:\/\/com-pac.ovh\/preprod2\/wp-json\/wp\/v2\/product_tag?post=4279"}],"curies":[{"name":"wp","href":"https:\/\/api.w.org\/{rel}","templated":true}]}}