
{"id":4280,"date":"2025-05-15T13:22:19","date_gmt":"2025-05-15T11:22:19","guid":{"rendered":"https:\/\/com-pac.ovh\/preprod2\/produit\/andinoacara-pulcher-blue-neon\/"},"modified":"2025-06-13T13:34:31","modified_gmt":"2025-06-13T11:34:31","slug":"andinoacara-pulcher-blue-neon","status":"publish","type":"product","link":"https:\/\/com-pac.ovh\/preprod2\/produit\/andinoacara-pulcher-blue-neon\/","title":{"rendered":"Andinoacara Pulcher Blue Neon"},"content":{"rendered":"<p>Andinoacara pulcher, plus commun\u00e9ment connu sous le nom de cichlid\u00e9 bleu ou Blue Neon Acara, est un magnifique poisson d\u2019eau douce originaire d\u2019Am\u00e9rique du Sud. Il est appr\u00e9ci\u00e9 pour ses reflets bleus iris\u00e9s qui illuminent l\u2019aquarium et son temp\u00e9rament relativement pacifique compar\u00e9 \u00e0 d\u2019autres cichlid\u00e9s. De taille mod\u00e9r\u00e9e (environ 12 \u00e0 15\u202fcm), il aime les zones rocheuses, les plantes et les cachettes pour se sentir \u00e0 l\u2019aise. C\u2019est un excellent choix pour un aquarium communautaire avec des compagnons robustes et adapt\u00e9s.<\/p>\n","protected":false},"excerpt":{"rendered":"<p>Nomm\u00e9 couramment Acara bleu , ce poisson est tr\u00e8s facile \u00e0 maintenir , peu d&#8217;agressivit\u00e9 , la vari\u00e9t\u00e9 blue neon est d&#8217;un bleu iris\u00e9 magnifique en fonction des reflets li\u00e9s \u00e0 l&#8217;\u00e9clairage.<\/p>\n","protected":false},"featured_media":5558,"comment_status":"open","ping_status":"closed","template":"","meta":[],"product_brand":[],"product_cat":[82,824],"product_tag":[],"class_list":{"0":"post-4280","1":"product","2":"type-product","3":"status-publish","4":"has-post-thumbnail","6":"product_cat-poissons-invertebres","7":"product_cat-poissons-deau-douce","8":"pa_continent-amerique-du-sud","9":"pa_gh-5-15-3","10":"pa_ph-6-5-7-0-2","11":"pa_taillemaximale-20cm","12":"pa_volumeminimum-200l","14":"first","15":"instock","16":"taxable","17":"shipping-taxable","18":"purchasable","19":"product-type-simple"},"acf":[],"_links":{"self":[{"href":"https:\/\/com-pac.ovh\/preprod2\/wp-json\/wp\/v2\/product\/4280","targetHints":{"allow":["GET"]}}],"collection":[{"href":"https:\/\/com-pac.ovh\/preprod2\/wp-json\/wp\/v2\/product"}],"about":[{"href":"https:\/\/com-pac.ovh\/preprod2\/wp-json\/wp\/v2\/types\/product"}],"replies":[{"embeddable":true,"href":"https:\/\/com-pac.ovh\/preprod2\/wp-json\/wp\/v2\/comments?post=4280"}],"wp:featuredmedia":[{"embeddable":true,"href":"https:\/\/com-pac.ovh\/preprod2\/wp-json\/wp\/v2\/media\/5558"}],"wp:attachment":[{"href":"https:\/\/com-pac.ovh\/preprod2\/wp-json\/wp\/v2\/media?parent=4280"}],"wp:term":[{"taxonomy":"product_brand","embeddable":true,"href":"https:\/\/com-pac.ovh\/preprod2\/wp-json\/wp\/v2\/product_brand?post=4280"},{"taxonomy":"product_cat","embeddable":true,"href":"https:\/\/com-pac.ovh\/preprod2\/wp-json\/wp\/v2\/product_cat?post=4280"},{"taxonomy":"product_tag","embeddable":true,"href":"https:\/\/com-pac.ovh\/preprod2\/wp-json\/wp\/v2\/product_tag?post=4280"}],"curies":[{"name":"wp","href":"https:\/\/api.w.org\/{rel}","templated":true}]}}