
{"id":4281,"date":"2025-05-15T13:22:19","date_gmt":"2025-05-15T11:22:19","guid":{"rendered":"https:\/\/com-pac.ovh\/preprod2\/produit\/anomalochromis-thomasii\/"},"modified":"2025-06-13T13:40:49","modified_gmt":"2025-06-13T11:40:49","slug":"anomalochromis-thomasii","status":"publish","type":"product","link":"https:\/\/com-pac.ovh\/preprod2\/produit\/anomalochromis-thomasii\/","title":{"rendered":"Anomalochromis Thomasii"},"content":{"rendered":"<p>Anomalochromis thomasi, surnomm\u00e9 cichlid\u00e9 papillon africain, est un petit poisson d\u2019eau douce originaire d\u2019Afrique de l\u2019Ouest, plus pr\u00e9cis\u00e9ment des bassins du Sierra Leone et de la Guin\u00e9e. Ce cichlid\u00e9 s\u00e9duit par sa robe aux reflets dor\u00e9s et rouges et son temp\u00e9rament plut\u00f4t pacifique, ce qui le rend compatible avec un aquarium communautaire bien agenc\u00e9. Il mesure 5 \u00e0 8\u202fcm \u00e0 l\u2019\u00e2ge adulte et pr\u00e9f\u00e8re les zones plant\u00e9es avec des racines et des cachettes pour se prot\u00e9ger et se reproduire.<\/p>\n","protected":false},"excerpt":{"rendered":"<p>Couramment appel\u00e9 poisson papillon , ce petit cichlid\u00e9 africain est d&#8217;un temp\u00e9rament relativement craintif. Mais sait se faire respecter lors des p\u00e9riodes de frai. Il peut convenir \u00e0 un bac communautaire de cichlid\u00e9 ou pas , suivant le volume du bac.<\/p>\n","protected":false},"featured_media":5566,"comment_status":"open","ping_status":"closed","template":"","meta":[],"product_brand":[],"product_cat":[82,824],"product_tag":[],"class_list":{"0":"post-4281","1":"product","2":"type-product","3":"status-publish","4":"has-post-thumbnail","6":"product_cat-poissons-invertebres","7":"product_cat-poissons-deau-douce","8":"pa_continent-afrique-fluviale","9":"pa_gh-2-a-10","10":"pa_ph-5-5-7-0-3","11":"pa_taillemaximale-6-8cm","12":"pa_volumeminimum-80l","14":"first","15":"instock","16":"taxable","17":"shipping-taxable","18":"purchasable","19":"product-type-simple"},"acf":[],"_links":{"self":[{"href":"https:\/\/com-pac.ovh\/preprod2\/wp-json\/wp\/v2\/product\/4281","targetHints":{"allow":["GET"]}}],"collection":[{"href":"https:\/\/com-pac.ovh\/preprod2\/wp-json\/wp\/v2\/product"}],"about":[{"href":"https:\/\/com-pac.ovh\/preprod2\/wp-json\/wp\/v2\/types\/product"}],"replies":[{"embeddable":true,"href":"https:\/\/com-pac.ovh\/preprod2\/wp-json\/wp\/v2\/comments?post=4281"}],"wp:featuredmedia":[{"embeddable":true,"href":"https:\/\/com-pac.ovh\/preprod2\/wp-json\/wp\/v2\/media\/5566"}],"wp:attachment":[{"href":"https:\/\/com-pac.ovh\/preprod2\/wp-json\/wp\/v2\/media?parent=4281"}],"wp:term":[{"taxonomy":"product_brand","embeddable":true,"href":"https:\/\/com-pac.ovh\/preprod2\/wp-json\/wp\/v2\/product_brand?post=4281"},{"taxonomy":"product_cat","embeddable":true,"href":"https:\/\/com-pac.ovh\/preprod2\/wp-json\/wp\/v2\/product_cat?post=4281"},{"taxonomy":"product_tag","embeddable":true,"href":"https:\/\/com-pac.ovh\/preprod2\/wp-json\/wp\/v2\/product_tag?post=4281"}],"curies":[{"name":"wp","href":"https:\/\/api.w.org\/{rel}","templated":true}]}}