
{"id":4305,"date":"2025-05-15T13:22:23","date_gmt":"2025-05-15T11:22:23","guid":{"rendered":"https:\/\/com-pac.ovh\/preprod2\/produit\/aquarium-rio-240\/"},"modified":"2025-06-05T14:31:03","modified_gmt":"2025-06-05T12:31:03","slug":"aquarium-rio-240","status":"publish","type":"product","link":"https:\/\/com-pac.ovh\/preprod2\/produit\/aquarium-rio-240\/","title":{"rendered":"Aquarium Rio 240"},"content":{"rendered":"<p>&#8211; MultiLux LED 80<br \/>\nRampe LED, Haute performance.<br \/>\n&#8211; Bioflow Syst\u00e8me de filtration<br \/>\nLe syst\u00e8me de filtration JUWEL Bioflow se distingue par son volume de filtration particuli\u00e8rement \u00e9lev\u00e9.<br \/>\n&#8211; Eccoflow 600<br \/>\nLes pompes JUWEL Eccoflow sont la nouvelle g\u00e9n\u00e9ration de pompes de circulation d&#8217;eau hautement efficaces et silencieuses. Elles se distinguent par leur silence et leur faible consommation \u00e9lectrique.<br \/>\n&#8211; AquaHeat Pro 200<br \/>\nLe chauffage Juwel garantit de fa\u00e7on s\u00fbre et fiable que votre aquarium est \u00e0 la bonne temp\u00e9rature. Il existe dans les tailles\u00a0 100, 200 et 300 watts.<\/p>\n","protected":false},"excerpt":{"rendered":"<p>Ensemble complet JUWEL RIO 240<br \/>\nConsommation de 25,8kwh\/mois<br \/>\nPoids aquarium avec eau : 260 kg<br \/>\nPhoto non contractuelle<\/p>\n","protected":false},"featured_media":5813,"comment_status":"open","ping_status":"closed","template":"","meta":[],"product_brand":[1599],"product_cat":[829,84],"product_tag":[],"class_list":{"0":"post-4305","1":"product","2":"type-product","3":"status-publish","4":"has-post-thumbnail","6":"product_brand-juwel","7":"product_cat-aquariums","8":"product_cat-materiel-nourriture","9":"pa_couleur-blanc","10":"pa_couleur-boisclair","11":"pa_couleur-gris","12":"pa_couleur-noir","13":"pa_hauteur-de-laquarium-en-cm-1085","14":"pa_hauteur-du-meuble-en-cm-1124","15":"pa_meuble-avec","16":"pa_meuble-sans","17":"pa_volume-de-laquarium-2563","19":"first","20":"instock","21":"taxable","22":"shipping-taxable","23":"purchasable","24":"product-type-variable"},"acf":[],"_links":{"self":[{"href":"https:\/\/com-pac.ovh\/preprod2\/wp-json\/wp\/v2\/product\/4305","targetHints":{"allow":["GET"]}}],"collection":[{"href":"https:\/\/com-pac.ovh\/preprod2\/wp-json\/wp\/v2\/product"}],"about":[{"href":"https:\/\/com-pac.ovh\/preprod2\/wp-json\/wp\/v2\/types\/product"}],"replies":[{"embeddable":true,"href":"https:\/\/com-pac.ovh\/preprod2\/wp-json\/wp\/v2\/comments?post=4305"}],"wp:featuredmedia":[{"embeddable":true,"href":"https:\/\/com-pac.ovh\/preprod2\/wp-json\/wp\/v2\/media\/5813"}],"wp:attachment":[{"href":"https:\/\/com-pac.ovh\/preprod2\/wp-json\/wp\/v2\/media?parent=4305"}],"wp:term":[{"taxonomy":"product_brand","embeddable":true,"href":"https:\/\/com-pac.ovh\/preprod2\/wp-json\/wp\/v2\/product_brand?post=4305"},{"taxonomy":"product_cat","embeddable":true,"href":"https:\/\/com-pac.ovh\/preprod2\/wp-json\/wp\/v2\/product_cat?post=4305"},{"taxonomy":"product_tag","embeddable":true,"href":"https:\/\/com-pac.ovh\/preprod2\/wp-json\/wp\/v2\/product_tag?post=4305"}],"curies":[{"name":"wp","href":"https:\/\/api.w.org\/{rel}","templated":true}]}}