
{"id":4316,"date":"2025-05-15T13:22:24","date_gmt":"2025-05-15T11:22:24","guid":{"rendered":"https:\/\/com-pac.ovh\/preprod2\/produit\/black-molly\/"},"modified":"2025-06-16T14:38:24","modified_gmt":"2025-06-16T12:38:24","slug":"black-molly","status":"publish","type":"product","link":"https:\/\/com-pac.ovh\/preprod2\/produit\/black-molly\/","title":{"rendered":"Black Molly"},"content":{"rendered":"<p>Le Black Molly (Poecilia sphenops), \u00e9galement appel\u00e9 molly noir, est un poisson d\u2019eau douce originaire d\u2019Am\u00e9rique centrale. Il se distingue par sa robe int\u00e9gralement noire et son caract\u00e8re pacifique, ce qui en fait un excellent poisson pour les aquariums communautaires. Le Black Molly est aussi r\u00e9put\u00e9 pour sa polyvalence\u202f: il peut vivre aussi bien en eau douce qu\u2019en eau l\u00e9g\u00e8rement saum\u00e2tre. C\u2019est un poisson vivipare, dont les femelles donnent naissance \u00e0 des alevins d\u00e9j\u00e0 form\u00e9s. Avec une taille modeste de 8 \u00e0 10\u202fcm, il aime les bacs plant\u00e9s avec des espaces d\u00e9gag\u00e9s pour nager.<\/p>\n","protected":false},"excerpt":{"rendered":"<p>Poecilia Sphenops est plus commun\u00e9ment appel\u00e9 Black Molly. Il est originaire d&#8217;Am\u00e9rique du sud, particuli\u00e8rement adapt\u00e9 aux d\u00e9butants, Il se comporte comme ses cousins guppy et molly.<\/p>\n<p>Il est \u00e9galement ovovivipare, dans un aquarium adapt\u00e9 \u00e0 ses besoins naturels, les petits ne se feront pas attendre.<\/p>\n","protected":false},"featured_media":5556,"comment_status":"open","ping_status":"closed","template":"","meta":[],"product_brand":[],"product_cat":[82,824],"product_tag":[],"class_list":{"0":"post-4316","1":"product","2":"type-product","3":"status-publish","4":"has-post-thumbnail","6":"product_cat-poissons-invertebres","7":"product_cat-poissons-deau-douce","8":"pa_continent-amerique-centrale","9":"pa_ph-7-0-8-2-2","10":"pa_volumeminimum-100l","12":"first","13":"instock","14":"taxable","15":"shipping-taxable","16":"purchasable","17":"product-type-simple"},"acf":[],"_links":{"self":[{"href":"https:\/\/com-pac.ovh\/preprod2\/wp-json\/wp\/v2\/product\/4316","targetHints":{"allow":["GET"]}}],"collection":[{"href":"https:\/\/com-pac.ovh\/preprod2\/wp-json\/wp\/v2\/product"}],"about":[{"href":"https:\/\/com-pac.ovh\/preprod2\/wp-json\/wp\/v2\/types\/product"}],"replies":[{"embeddable":true,"href":"https:\/\/com-pac.ovh\/preprod2\/wp-json\/wp\/v2\/comments?post=4316"}],"wp:featuredmedia":[{"embeddable":true,"href":"https:\/\/com-pac.ovh\/preprod2\/wp-json\/wp\/v2\/media\/5556"}],"wp:attachment":[{"href":"https:\/\/com-pac.ovh\/preprod2\/wp-json\/wp\/v2\/media?parent=4316"}],"wp:term":[{"taxonomy":"product_brand","embeddable":true,"href":"https:\/\/com-pac.ovh\/preprod2\/wp-json\/wp\/v2\/product_brand?post=4316"},{"taxonomy":"product_cat","embeddable":true,"href":"https:\/\/com-pac.ovh\/preprod2\/wp-json\/wp\/v2\/product_cat?post=4316"},{"taxonomy":"product_tag","embeddable":true,"href":"https:\/\/com-pac.ovh\/preprod2\/wp-json\/wp\/v2\/product_tag?post=4316"}],"curies":[{"name":"wp","href":"https:\/\/api.w.org\/{rel}","templated":true}]}}