
{"id":4317,"date":"2025-05-15T13:22:24","date_gmt":"2025-05-15T11:22:24","guid":{"rendered":"https:\/\/com-pac.ovh\/preprod2\/produit\/boraras-brigittae\/"},"modified":"2025-06-16T14:44:07","modified_gmt":"2025-06-16T12:44:07","slug":"boraras-brigittae","status":"publish","type":"product","link":"https:\/\/com-pac.ovh\/preprod2\/produit\/boraras-brigittae\/","title":{"rendered":"Boraras Brigittae"},"content":{"rendered":"<p>Boraras brigittae, aussi connu sous le nom de rasbora moustique ou rasbora brigittae, est un poisson d\u2019eau douce originaire des tourbi\u00e8res d\u2019Indon\u00e9sie (principalement Born\u00e9o et Sumatra). Il est pris\u00e9 pour sa petite taille (2 \u00e0 3\u202fcm) et ses couleurs rouges vives contrast\u00e9es par une fine bande sombre. Tr\u00e8s paisible et gr\u00e9gaire, il pr\u00e9f\u00e8re vivre en bancs de 6 individus ou plus, ce qui renforce sa couleur et r\u00e9duit son stress. Il aime les aquariums bien plant\u00e9s avec un \u00e9clairage tamis\u00e9 et de nombreuses cachettes.<\/p>\n","protected":false},"excerpt":{"rendered":"<p>Poisson nain de la famille des Danionidae, encore appel\u00e9\u00a0Rasbora Orn\u00e9\u00a0est originaie d&#8217;Asie. Il vit en banc d&#8217;au moins dix individus. Ne d\u00e9passant pas les 3 cm \u00e0 taille adulte, il est id\u00e9al pour les petits volumes.<\/p>\n","protected":false},"featured_media":5557,"comment_status":"open","ping_status":"closed","template":"","meta":[],"product_brand":[],"product_cat":[82,824],"product_tag":[],"class_list":{"0":"post-4317","1":"product","2":"type-product","3":"status-publish","4":"has-post-thumbnail","6":"product_cat-poissons-invertebres","7":"product_cat-poissons-deau-douce","8":"pa_continent-asie","9":"pa_gh-1-8-2","10":"pa_ph-4-5-6-5-2","11":"pa_taillemaximale-3cm","12":"pa_volumeminimum-30l","14":"first","15":"instock","16":"taxable","17":"shipping-taxable","18":"purchasable","19":"product-type-simple"},"acf":[],"_links":{"self":[{"href":"https:\/\/com-pac.ovh\/preprod2\/wp-json\/wp\/v2\/product\/4317","targetHints":{"allow":["GET"]}}],"collection":[{"href":"https:\/\/com-pac.ovh\/preprod2\/wp-json\/wp\/v2\/product"}],"about":[{"href":"https:\/\/com-pac.ovh\/preprod2\/wp-json\/wp\/v2\/types\/product"}],"replies":[{"embeddable":true,"href":"https:\/\/com-pac.ovh\/preprod2\/wp-json\/wp\/v2\/comments?post=4317"}],"wp:featuredmedia":[{"embeddable":true,"href":"https:\/\/com-pac.ovh\/preprod2\/wp-json\/wp\/v2\/media\/5557"}],"wp:attachment":[{"href":"https:\/\/com-pac.ovh\/preprod2\/wp-json\/wp\/v2\/media?parent=4317"}],"wp:term":[{"taxonomy":"product_brand","embeddable":true,"href":"https:\/\/com-pac.ovh\/preprod2\/wp-json\/wp\/v2\/product_brand?post=4317"},{"taxonomy":"product_cat","embeddable":true,"href":"https:\/\/com-pac.ovh\/preprod2\/wp-json\/wp\/v2\/product_cat?post=4317"},{"taxonomy":"product_tag","embeddable":true,"href":"https:\/\/com-pac.ovh\/preprod2\/wp-json\/wp\/v2\/product_tag?post=4317"}],"curies":[{"name":"wp","href":"https:\/\/api.w.org\/{rel}","templated":true}]}}