
{"id":4463,"date":"2025-05-15T13:22:44","date_gmt":"2025-05-15T11:22:44","guid":{"rendered":"https:\/\/com-pac.ovh\/preprod2\/produit\/novo-grano-mix-xs-100-ml\/"},"modified":"2025-06-06T11:46:23","modified_gmt":"2025-06-06T09:46:23","slug":"novo-grano-mix-xs-100-ml","status":"publish","type":"product","link":"https:\/\/com-pac.ovh\/preprod2\/produit\/novo-grano-mix-xs-100-ml\/","title":{"rendered":"NOVO GRANO MIX XS"},"content":{"rendered":"<p>Alimentation parfaite et compl\u00e8te des petits poissons, comme n\u00e9ons, petits characid\u00e9s, gouramis et autres poissons entre 3 et 5 cm de longueur.<br \/>\nUtilisation : ouvrir l\u2019opercule de la bo\u00eete et donner aux poissons autant qu\u2019ils en ing\u00e8rent en quelques minutes. Convient pour poissons de toutes profondeurs, car les mini-granul\u00e9s flottent et s&#8217;enfoncent lentement dans l&#8217;eau.<br \/>\nAucune turbidit\u00e9 de l&#8217;eau et tr\u00e8s bonne app\u00e9tence pour les poissons gr\u00e2ce \u00e0 des ingr\u00e9dients de grande qualit\u00e9, tels que crevettes et algues.<br \/>\nCroissance vigoureuse des poissons avec peu de pollution de l&#8217;eau gr\u00e2ce \u00e0 la proportion prot\u00e9ines\/lipides naturellement \u00e9quilibr\u00e9e et aux acides gras Omega-3.<\/p>\n","protected":false},"excerpt":{"rendered":"<p>JBL NovoGranoMix XS<strong><br \/>\n<\/strong>Granul\u00e9s de base pour petits poissons de 3 \u00e0 5 cm<\/p>\n","protected":false},"featured_media":5716,"comment_status":"open","ping_status":"closed","template":"","meta":[],"product_brand":[],"product_cat":[84,825,1190],"product_tag":[],"class_list":{"0":"post-4463","1":"product","2":"type-product","3":"status-publish","4":"has-post-thumbnail","6":"product_cat-materiel-nourriture","7":"product_cat-nourriture","8":"product_cat-special-bassin","9":"pa_contenance-100ml","10":"pa_type-de-nourriture-seche-granules","11":"pa_type-de-poissons-toutes-especes","13":"first","14":"instock","15":"taxable","16":"shipping-taxable","17":"purchasable","18":"product-type-simple"},"acf":[],"_links":{"self":[{"href":"https:\/\/com-pac.ovh\/preprod2\/wp-json\/wp\/v2\/product\/4463","targetHints":{"allow":["GET"]}}],"collection":[{"href":"https:\/\/com-pac.ovh\/preprod2\/wp-json\/wp\/v2\/product"}],"about":[{"href":"https:\/\/com-pac.ovh\/preprod2\/wp-json\/wp\/v2\/types\/product"}],"replies":[{"embeddable":true,"href":"https:\/\/com-pac.ovh\/preprod2\/wp-json\/wp\/v2\/comments?post=4463"}],"wp:featuredmedia":[{"embeddable":true,"href":"https:\/\/com-pac.ovh\/preprod2\/wp-json\/wp\/v2\/media\/5716"}],"wp:attachment":[{"href":"https:\/\/com-pac.ovh\/preprod2\/wp-json\/wp\/v2\/media?parent=4463"}],"wp:term":[{"taxonomy":"product_brand","embeddable":true,"href":"https:\/\/com-pac.ovh\/preprod2\/wp-json\/wp\/v2\/product_brand?post=4463"},{"taxonomy":"product_cat","embeddable":true,"href":"https:\/\/com-pac.ovh\/preprod2\/wp-json\/wp\/v2\/product_cat?post=4463"},{"taxonomy":"product_tag","embeddable":true,"href":"https:\/\/com-pac.ovh\/preprod2\/wp-json\/wp\/v2\/product_tag?post=4463"}],"curies":[{"name":"wp","href":"https:\/\/api.w.org\/{rel}","templated":true}]}}