
{"id":4505,"date":"2025-05-15T13:22:49","date_gmt":"2025-05-15T11:22:49","guid":{"rendered":"https:\/\/com-pac.ovh\/preprod2\/produit\/pronovo-bel-flakes-s-100-ml\/"},"modified":"2025-06-06T11:45:57","modified_gmt":"2025-06-06T09:45:57","slug":"pronovo-bel-flakes-s-100-ml","status":"publish","type":"product","link":"https:\/\/com-pac.ovh\/preprod2\/produit\/pronovo-bel-flakes-s-100-ml\/","title":{"rendered":"PRONOVO BEL FLAKES S"},"content":{"rendered":"<p>Aliment pr\u00e9biotique pour poissons d\u2019aquarium avec ail : les fibres alimentaires sp\u00e9ciales contenues dans l\u2019aliment nourrissent les bact\u00e9ries intestinales positives pour une digestion saine. Mati\u00e8res premi\u00e8res \u00e0 l\u2019\u00e9tat naturel, sans additifs artificiels, pour une nutrition naturelle et des poissons en bonne sant\u00e9. Test\u00e9s au cours des exp\u00e9ditions de recherche JBL dans les r\u00e9gions tropicales. Tr\u00e8s grande app\u00e9tence, m\u00eame chez les poissons difficiles, gr\u00e2ce \u00e0 des ingr\u00e9dients de qualit\u00e9, comme saumon, calamar, crevettes et ail. Id\u00e9al pour aquariums communautaires gr\u00e2ce au poisson et aux crevettes, et aux v\u00e9g\u00e9taux comme la spiruline.<br \/>\nRehausse les couleurs de tous les poissons d\u2019ornement avec de l&#8217;astaxanthine tr\u00e8s naturelle (carot\u00e8ne exclusif), issue de krill et de spiruline. Le mot calamar inclut les mollusques tels que moules et escargots, mang\u00e9s par de nombreux poissons.<br \/>\nContenu : bo\u00eete d\u2019origine scell\u00e9e, recyclable, \u00e9tanche \u00e0 l\u2019air et \u00e0 la lumi\u00e8re, enti\u00e8rement recyclable, avec doseur \u00e0 l\u2019int\u00e9rieur du couvercle.<\/p>\n","protected":false},"excerpt":{"rendered":"<p class=\"dont-hide\">JBL PRONOVO BEL FLAKES S<br \/>\n<small>Aliment de base en flocons, taille S, pour tous poissons d\u2019aquarium de 3 \u00e0 10 cm<\/small><\/p>\n","protected":false},"featured_media":5710,"comment_status":"open","ping_status":"closed","template":"","meta":[],"product_brand":[],"product_cat":[84,825],"product_tag":[1555],"class_list":{"0":"post-4505","1":"product","2":"type-product","3":"status-publish","4":"has-post-thumbnail","6":"product_cat-materiel-nourriture","7":"product_cat-nourriture","8":"product_tag-new","9":"pa_contenance-100ml","10":"pa_type-de-nourriture-seche-flocons","12":"first","13":"instock","14":"taxable","15":"shipping-taxable","16":"purchasable","17":"product-type-simple"},"acf":[],"_links":{"self":[{"href":"https:\/\/com-pac.ovh\/preprod2\/wp-json\/wp\/v2\/product\/4505","targetHints":{"allow":["GET"]}}],"collection":[{"href":"https:\/\/com-pac.ovh\/preprod2\/wp-json\/wp\/v2\/product"}],"about":[{"href":"https:\/\/com-pac.ovh\/preprod2\/wp-json\/wp\/v2\/types\/product"}],"replies":[{"embeddable":true,"href":"https:\/\/com-pac.ovh\/preprod2\/wp-json\/wp\/v2\/comments?post=4505"}],"wp:featuredmedia":[{"embeddable":true,"href":"https:\/\/com-pac.ovh\/preprod2\/wp-json\/wp\/v2\/media\/5710"}],"wp:attachment":[{"href":"https:\/\/com-pac.ovh\/preprod2\/wp-json\/wp\/v2\/media?parent=4505"}],"wp:term":[{"taxonomy":"product_brand","embeddable":true,"href":"https:\/\/com-pac.ovh\/preprod2\/wp-json\/wp\/v2\/product_brand?post=4505"},{"taxonomy":"product_cat","embeddable":true,"href":"https:\/\/com-pac.ovh\/preprod2\/wp-json\/wp\/v2\/product_cat?post=4505"},{"taxonomy":"product_tag","embeddable":true,"href":"https:\/\/com-pac.ovh\/preprod2\/wp-json\/wp\/v2\/product_tag?post=4505"}],"curies":[{"name":"wp","href":"https:\/\/api.w.org\/{rel}","templated":true}]}}