
{"id":4510,"date":"2025-05-15T13:22:50","date_gmt":"2025-05-15T11:22:50","guid":{"rendered":"https:\/\/com-pac.ovh\/preprod2\/produit\/pronovo-cichlid-grano-m-250-ml\/"},"modified":"2025-06-06T11:45:46","modified_gmt":"2025-06-06T09:45:46","slug":"pronovo-cichlid-grano-m-250-ml","status":"publish","type":"product","link":"https:\/\/com-pac.ovh\/preprod2\/produit\/pronovo-cichlid-grano-m-250-ml\/","title":{"rendered":"PRONOVO CICHLID GRANO M"},"content":{"rendered":"<p>Aliment pr\u00e9biotique coulant pour poissons d\u2019aquarium : les fibres alimentaires sp\u00e9ciales contenues dans l\u2019aliment nourrissent les bact\u00e9ries intestinales positives pour une digestion saine. Ingr\u00e9dients naturels bruts, sans additifs synth\u00e9tiques, pour un r\u00e9gime alimentaire naturel et des Cichlid\u00e9s en bonne sant\u00e9. Test\u00e9s au cours des exp\u00e9ditions de recherche JBL dans les r\u00e9gions tropicales. Tr\u00e8s grande app\u00e9tence chez toutes les esp\u00e8ces de Cichlid\u00e9s, gr\u00e2ce \u00e0 des ingr\u00e9dients haut de gamme, comme saumon et crevettes. Contient de l\u2019astaxanthine naturelle de tr\u00e8s grande qualit\u00e9, extraite de krill et de la spiruline, pour garantir une coloration parfaite des Cichlid\u00e9s, p. ex. du Meeki.<br \/>\nContenu : bo\u00eete d&#8217;origine scell\u00e9e, \u00e9tanche \u00e0 l\u2019air et \u00e0 la lumi\u00e8re, recyclable, avec doseur dans le couvercle<\/p>\n","protected":false},"excerpt":{"rendered":"<p class=\"dont-hide\">JBL PRONOVO CICHLID GRANO M<br \/>\n<small>Aliment de base en granul\u00e9s pour Cichlid\u00e9s de taille moyenne, de 8 \u00e0 20 cm<\/small><\/p>\n","protected":false},"featured_media":5706,"comment_status":"open","ping_status":"closed","template":"","meta":[],"product_brand":[],"product_cat":[84,825],"product_tag":[1555],"class_list":{"0":"post-4510","1":"product","2":"type-product","3":"status-publish","4":"has-post-thumbnail","6":"product_cat-materiel-nourriture","7":"product_cat-nourriture","8":"product_tag-new","9":"pa_contenance-250ml","10":"pa_type-de-nourriture-seche-granules","11":"pa_type-de-poissons-cichlides","13":"first","14":"outofstock","15":"taxable","16":"shipping-taxable","17":"purchasable","18":"product-type-simple"},"acf":[],"_links":{"self":[{"href":"https:\/\/com-pac.ovh\/preprod2\/wp-json\/wp\/v2\/product\/4510","targetHints":{"allow":["GET"]}}],"collection":[{"href":"https:\/\/com-pac.ovh\/preprod2\/wp-json\/wp\/v2\/product"}],"about":[{"href":"https:\/\/com-pac.ovh\/preprod2\/wp-json\/wp\/v2\/types\/product"}],"replies":[{"embeddable":true,"href":"https:\/\/com-pac.ovh\/preprod2\/wp-json\/wp\/v2\/comments?post=4510"}],"wp:featuredmedia":[{"embeddable":true,"href":"https:\/\/com-pac.ovh\/preprod2\/wp-json\/wp\/v2\/media\/5706"}],"wp:attachment":[{"href":"https:\/\/com-pac.ovh\/preprod2\/wp-json\/wp\/v2\/media?parent=4510"}],"wp:term":[{"taxonomy":"product_brand","embeddable":true,"href":"https:\/\/com-pac.ovh\/preprod2\/wp-json\/wp\/v2\/product_brand?post=4510"},{"taxonomy":"product_cat","embeddable":true,"href":"https:\/\/com-pac.ovh\/preprod2\/wp-json\/wp\/v2\/product_cat?post=4510"},{"taxonomy":"product_tag","embeddable":true,"href":"https:\/\/com-pac.ovh\/preprod2\/wp-json\/wp\/v2\/product_tag?post=4510"}],"curies":[{"name":"wp","href":"https:\/\/api.w.org\/{rel}","templated":true}]}}