
{"id":4514,"date":"2025-05-15T13:22:51","date_gmt":"2025-05-15T11:22:51","guid":{"rendered":"https:\/\/com-pac.ovh\/preprod2\/produit\/pronovo-fil-100-ml\/"},"modified":"2025-06-06T11:46:06","modified_gmt":"2025-06-06T09:46:06","slug":"pronovo-fil-100-ml","status":"publish","type":"product","link":"https:\/\/com-pac.ovh\/preprod2\/produit\/pronovo-fil-100-ml\/","title":{"rendered":"PRONOVO FIL"},"content":{"rendered":"<p>Larves de moustiques rouges lyophilis\u00e9es (vers de vase rouge, Chironomid\u00e9s), compl\u00e9ment alimentaire id\u00e9al pour des poissons d&#8217;ornement en bonne sant\u00e9. Les larves de moustiques rouges sont tr\u00e8s nutritives et, dans la nature, elles constituent la base alimentaire de tr\u00e8s nombreuses esp\u00e8ces de poissons. Une alternative \u00e0 la nourriture vivante ou congel\u00e9e : compl\u00e9ment alimentaire pour poissons tropicaux d\u2019eau douce. Le proc\u00e9d\u00e9 de s\u00e9chage pr\u00e9serve les nutriments. Ne trouble pas l&#8217;eau : qualit\u00e9 de l&#8217;eau am\u00e9lior\u00e9e par une meilleure digestibilit\u00e9 de la nourriture, induisant une r\u00e9duction des d\u00e9jections des poissons.<br \/>\nContenu : bo\u00eete d&#8217;origine scell\u00e9e, \u00e9tanche \u00e0 l\u2019air et \u00e0 la lumi\u00e8re, recyclable, avec doseur dans le couvercle<\/p>\n","protected":false},"excerpt":{"rendered":"<p class=\"dont-hide\">JBL PRONOVO FIL<br \/>\n<small>Larves de moustiques rouges, friandises pour tous les poissons d\u2019ornement de 3 \u00e0 10 cm<\/small><\/p>\n","protected":false},"featured_media":5702,"comment_status":"open","ping_status":"closed","template":"","meta":[],"product_brand":[],"product_cat":[84,825],"product_tag":[1555],"class_list":{"0":"post-4514","1":"product","2":"type-product","3":"status-publish","4":"has-post-thumbnail","6":"product_cat-materiel-nourriture","7":"product_cat-nourriture","8":"product_tag-new","9":"pa_contenance-100ml","10":"pa_type-de-nourriture-seche-larves-de-moustiques-rouges","11":"pa_type-de-poissons-toutes-especes-sauf-tanganyika-et-malawi","13":"first","14":"instock","15":"taxable","16":"shipping-taxable","17":"purchasable","18":"product-type-simple"},"acf":[],"_links":{"self":[{"href":"https:\/\/com-pac.ovh\/preprod2\/wp-json\/wp\/v2\/product\/4514","targetHints":{"allow":["GET"]}}],"collection":[{"href":"https:\/\/com-pac.ovh\/preprod2\/wp-json\/wp\/v2\/product"}],"about":[{"href":"https:\/\/com-pac.ovh\/preprod2\/wp-json\/wp\/v2\/types\/product"}],"replies":[{"embeddable":true,"href":"https:\/\/com-pac.ovh\/preprod2\/wp-json\/wp\/v2\/comments?post=4514"}],"wp:featuredmedia":[{"embeddable":true,"href":"https:\/\/com-pac.ovh\/preprod2\/wp-json\/wp\/v2\/media\/5702"}],"wp:attachment":[{"href":"https:\/\/com-pac.ovh\/preprod2\/wp-json\/wp\/v2\/media?parent=4514"}],"wp:term":[{"taxonomy":"product_brand","embeddable":true,"href":"https:\/\/com-pac.ovh\/preprod2\/wp-json\/wp\/v2\/product_brand?post=4514"},{"taxonomy":"product_cat","embeddable":true,"href":"https:\/\/com-pac.ovh\/preprod2\/wp-json\/wp\/v2\/product_cat?post=4514"},{"taxonomy":"product_tag","embeddable":true,"href":"https:\/\/com-pac.ovh\/preprod2\/wp-json\/wp\/v2\/product_tag?post=4514"}],"curies":[{"name":"wp","href":"https:\/\/api.w.org\/{rel}","templated":true}]}}