
{"id":4516,"date":"2025-05-15T13:22:51","date_gmt":"2025-05-15T11:22:51","guid":{"rendered":"https:\/\/com-pac.ovh\/preprod2\/produit\/pronovo-guppy-grano-s-100-ml\/"},"modified":"2025-06-06T11:46:12","modified_gmt":"2025-06-06T09:46:12","slug":"pronovo-guppy-grano-s-100-ml","status":"publish","type":"product","link":"https:\/\/com-pac.ovh\/preprod2\/produit\/pronovo-guppy-grano-s-100-ml\/","title":{"rendered":"PRONOVO GUPPY GRANO S"},"content":{"rendered":"<p>Aliment pr\u00e9biotique coulant pour poissons d\u2019aquarium : les fibres alimentaires sp\u00e9ciales contenues dans l\u2019aliment nourrissent les bact\u00e9ries intestinales positives pour une digestion saine. Ingr\u00e9dients naturels bruts, sans additifs synth\u00e9tiques, pour une alimentation proche du r\u00e9gime naturel et une bonne sant\u00e9 des poissons d\u2019aquarium. Test\u00e9s au cours des exp\u00e9ditions de recherche JBL dans les r\u00e9gions tropicales. Tr\u00e8s grande app\u00e9tence, m\u00eame chez les esp\u00e8ces difficiles de Po\u00e9ciliid\u00e9s ovovivipares, gr\u00e2ce \u00e0 des ingr\u00e9dients haut de gamme, comme saumon, crevettes et 18 % de spiruline.Contient de l\u2019astaxanthine naturelle de tr\u00e8s grande qualit\u00e9, extraite de krill et de spiruline, qui garantit une coloration parfaite des guppys et autres poissons ovovivipares.<br \/>\nContenu : bo\u00eete d&#8217;origine scell\u00e9e, \u00e9tanche \u00e0 l\u2019air et \u00e0 la lumi\u00e8re, recyclable, avec doseur dans le couvercle<\/p>\n","protected":false},"excerpt":{"rendered":"<p class=\"dont-hide\">JBL PRONOVO GUPPY GRANO S<br \/>\n<small>Aliment de base en granul\u00e9s, taille S, pour guppys et autres poissons ovovivipares de 3 \u00e0 10 cm<\/small><\/p>\n","protected":false},"featured_media":5699,"comment_status":"open","ping_status":"closed","template":"","meta":[],"product_brand":[],"product_cat":[84,825],"product_tag":[1555],"class_list":{"0":"post-4516","1":"product","2":"type-product","3":"status-publish","4":"has-post-thumbnail","6":"product_cat-materiel-nourriture","7":"product_cat-nourriture","8":"product_tag-new","9":"pa_contenance-100ml","10":"pa_type-de-nourriture-seche-granules","11":"pa_type-de-poissons-guppys","12":"pa_type-de-poissons-ovovivipares","14":"first","15":"instock","16":"taxable","17":"shipping-taxable","18":"purchasable","19":"product-type-simple"},"acf":[],"_links":{"self":[{"href":"https:\/\/com-pac.ovh\/preprod2\/wp-json\/wp\/v2\/product\/4516","targetHints":{"allow":["GET"]}}],"collection":[{"href":"https:\/\/com-pac.ovh\/preprod2\/wp-json\/wp\/v2\/product"}],"about":[{"href":"https:\/\/com-pac.ovh\/preprod2\/wp-json\/wp\/v2\/types\/product"}],"replies":[{"embeddable":true,"href":"https:\/\/com-pac.ovh\/preprod2\/wp-json\/wp\/v2\/comments?post=4516"}],"wp:featuredmedia":[{"embeddable":true,"href":"https:\/\/com-pac.ovh\/preprod2\/wp-json\/wp\/v2\/media\/5699"}],"wp:attachment":[{"href":"https:\/\/com-pac.ovh\/preprod2\/wp-json\/wp\/v2\/media?parent=4516"}],"wp:term":[{"taxonomy":"product_brand","embeddable":true,"href":"https:\/\/com-pac.ovh\/preprod2\/wp-json\/wp\/v2\/product_brand?post=4516"},{"taxonomy":"product_cat","embeddable":true,"href":"https:\/\/com-pac.ovh\/preprod2\/wp-json\/wp\/v2\/product_cat?post=4516"},{"taxonomy":"product_tag","embeddable":true,"href":"https:\/\/com-pac.ovh\/preprod2\/wp-json\/wp\/v2\/product_tag?post=4516"}],"curies":[{"name":"wp","href":"https:\/\/api.w.org\/{rel}","templated":true}]}}